{"id":1127,"date":"2024-07-12T10:50:22","date_gmt":"2024-07-12T10:50:22","guid":{"rendered":"https:\/\/ns557595.ip-139-99-122.net\/dnccp\/?page_id=1127"},"modified":"2024-08-01T02:00:27","modified_gmt":"2024-08-01T02:00:27","slug":"mot-du-directeur-national","status":"publish","type":"page","link":"https:\/\/ns557595.ip-139-99-122.net\/dnccp\/mot-du-directeur-national\/","title":{"rendered":"Mot du Directeur National"},"content":{"rendered":"\t\t<div data-elementor-type=\"wp-page\" data-elementor-id=\"1127\" class=\"elementor elementor-1127\">\n\t\t\t\t<div class=\"elementor-element elementor-element-9302e7b e-con-full e-flex e-con e-parent\" data-id=\"9302e7b\" data-element_type=\"container\">\n\t\t<div class=\"elementor-element elementor-element-aca5ddb e-con-full e-flex e-con e-child\" data-id=\"aca5ddb\" data-element_type=\"container\">\n\t\t\t\t<div class=\"elementor-element elementor-element-ea421b9 e-transform elementor-widget-divider--view-line elementor-widget elementor-widget-divider\" data-id=\"ea421b9\" data-element_type=\"widget\" data-settings=\"{&quot;_transform_translateY_effect&quot;:{&quot;unit&quot;:&quot;px&quot;,&quot;size&quot;:-15,&quot;sizes&quot;:[]},&quot;_transform_translateX_effect&quot;:{&quot;unit&quot;:&quot;px&quot;,&quot;size&quot;:&quot;&quot;,&quot;sizes&quot;:[]},&quot;_transform_translateX_effect_tablet&quot;:{&quot;unit&quot;:&quot;px&quot;,&quot;size&quot;:&quot;&quot;,&quot;sizes&quot;:[]},&quot;_transform_translateX_effect_mobile&quot;:{&quot;unit&quot;:&quot;px&quot;,&quot;size&quot;:&quot;&quot;,&quot;sizes&quot;:[]},&quot;_transform_translateY_effect_tablet&quot;:{&quot;unit&quot;:&quot;px&quot;,&quot;size&quot;:&quot;&quot;,&quot;sizes&quot;:[]},&quot;_transform_translateY_effect_mobile&quot;:{&quot;unit&quot;:&quot;px&quot;,&quot;size&quot;:&quot;&quot;,&quot;sizes&quot;:[]}}\" data-widget_type=\"divider.default\">\n\t\t\t\t<div class=\"elementor-widget-container\">\n\t\t\t<style>\/*! elementor - v3.23.0 - 05-08-2024 *\/\n.elementor-widget-divider{--divider-border-style:none;--divider-border-width:1px;--divider-color:#0c0d0e;--divider-icon-size:20px;--divider-element-spacing:10px;--divider-pattern-height:24px;--divider-pattern-size:20px;--divider-pattern-url:none;--divider-pattern-repeat:repeat-x}.elementor-widget-divider .elementor-divider{display:flex}.elementor-widget-divider .elementor-divider__text{font-size:15px;line-height:1;max-width:95%}.elementor-widget-divider .elementor-divider__element{margin:0 var(--divider-element-spacing);flex-shrink:0}.elementor-widget-divider .elementor-icon{font-size:var(--divider-icon-size)}.elementor-widget-divider .elementor-divider-separator{display:flex;margin:0;direction:ltr}.elementor-widget-divider--view-line_icon .elementor-divider-separator,.elementor-widget-divider--view-line_text .elementor-divider-separator{align-items:center}.elementor-widget-divider--view-line_icon .elementor-divider-separator:after,.elementor-widget-divider--view-line_icon .elementor-divider-separator:before,.elementor-widget-divider--view-line_text .elementor-divider-separator:after,.elementor-widget-divider--view-line_text .elementor-divider-separator:before{display:block;content:\"\";border-block-end:0;flex-grow:1;border-block-start:var(--divider-border-width) var(--divider-border-style) var(--divider-color)}.elementor-widget-divider--element-align-left .elementor-divider .elementor-divider-separator>.elementor-divider__svg:first-of-type{flex-grow:0;flex-shrink:100}.elementor-widget-divider--element-align-left .elementor-divider-separator:before{content:none}.elementor-widget-divider--element-align-left .elementor-divider__element{margin-left:0}.elementor-widget-divider--element-align-right .elementor-divider .elementor-divider-separator>.elementor-divider__svg:last-of-type{flex-grow:0;flex-shrink:100}.elementor-widget-divider--element-align-right .elementor-divider-separator:after{content:none}.elementor-widget-divider--element-align-right .elementor-divider__element{margin-right:0}.elementor-widget-divider--element-align-start .elementor-divider .elementor-divider-separator>.elementor-divider__svg:first-of-type{flex-grow:0;flex-shrink:100}.elementor-widget-divider--element-align-start .elementor-divider-separator:before{content:none}.elementor-widget-divider--element-align-start .elementor-divider__element{margin-inline-start:0}.elementor-widget-divider--element-align-end .elementor-divider .elementor-divider-separator>.elementor-divider__svg:last-of-type{flex-grow:0;flex-shrink:100}.elementor-widget-divider--element-align-end .elementor-divider-separator:after{content:none}.elementor-widget-divider--element-align-end .elementor-divider__element{margin-inline-end:0}.elementor-widget-divider:not(.elementor-widget-divider--view-line_text):not(.elementor-widget-divider--view-line_icon) .elementor-divider-separator{border-block-start:var(--divider-border-width) var(--divider-border-style) var(--divider-color)}.elementor-widget-divider--separator-type-pattern{--divider-border-style:none}.elementor-widget-divider--separator-type-pattern.elementor-widget-divider--view-line .elementor-divider-separator,.elementor-widget-divider--separator-type-pattern:not(.elementor-widget-divider--view-line) .elementor-divider-separator:after,.elementor-widget-divider--separator-type-pattern:not(.elementor-widget-divider--view-line) .elementor-divider-separator:before,.elementor-widget-divider--separator-type-pattern:not([class*=elementor-widget-divider--view]) .elementor-divider-separator{width:100%;min-height:var(--divider-pattern-height);-webkit-mask-size:var(--divider-pattern-size) 100%;mask-size:var(--divider-pattern-size) 100%;-webkit-mask-repeat:var(--divider-pattern-repeat);mask-repeat:var(--divider-pattern-repeat);background-color:var(--divider-color);-webkit-mask-image:var(--divider-pattern-url);mask-image:var(--divider-pattern-url)}.elementor-widget-divider--no-spacing{--divider-pattern-size:auto}.elementor-widget-divider--bg-round{--divider-pattern-repeat:round}.rtl .elementor-widget-divider .elementor-divider__text{direction:rtl}.e-con-inner>.elementor-widget-divider,.e-con>.elementor-widget-divider{width:var(--container-widget-width,100%);--flex-grow:var(--container-widget-flex-grow)}<\/style>\t\t<div class=\"elementor-divider\">\n\t\t\t<span class=\"elementor-divider-separator\">\n\t\t\t\t\t\t<\/span>\n\t\t<\/div>\n\t\t\t\t<\/div>\n\t\t\t\t<\/div>\n\t\t\t\t<div class=\"elementor-element elementor-element-5161abd elementor-position-left elementor-vertical-align-top elementor-widget elementor-widget-image-box\" data-id=\"5161abd\" data-element_type=\"widget\" data-widget_type=\"image-box.default\">\n\t\t\t\t<div class=\"elementor-widget-container\">\n\t\t\t<style>\/*! elementor - v3.23.0 - 05-08-2024 *\/\n.elementor-widget-image-box .elementor-image-box-content{width:100%}@media (min-width:768px){.elementor-widget-image-box.elementor-position-left .elementor-image-box-wrapper,.elementor-widget-image-box.elementor-position-right .elementor-image-box-wrapper{display:flex}.elementor-widget-image-box.elementor-position-right .elementor-image-box-wrapper{text-align:end;flex-direction:row-reverse}.elementor-widget-image-box.elementor-position-left .elementor-image-box-wrapper{text-align:start;flex-direction:row}.elementor-widget-image-box.elementor-position-top .elementor-image-box-img{margin:auto}.elementor-widget-image-box.elementor-vertical-align-top .elementor-image-box-wrapper{align-items:flex-start}.elementor-widget-image-box.elementor-vertical-align-middle .elementor-image-box-wrapper{align-items:center}.elementor-widget-image-box.elementor-vertical-align-bottom .elementor-image-box-wrapper{align-items:flex-end}}@media (max-width:767px){.elementor-widget-image-box .elementor-image-box-img{margin-left:auto!important;margin-right:auto!important;margin-bottom:15px}}.elementor-widget-image-box .elementor-image-box-img{display:inline-block}.elementor-widget-image-box .elementor-image-box-title a{color:inherit}.elementor-widget-image-box .elementor-image-box-wrapper{text-align:center}.elementor-widget-image-box .elementor-image-box-description{margin:0}<\/style><div class=\"elementor-image-box-wrapper\"><figure class=\"elementor-image-box-img\"><img decoding=\"async\" width=\"175\" height=\"94\" src=\"https:\/\/ns557595.ip-139-99-122.net\/dnccp\/wp-content\/uploads\/2024\/07\/espace-entreprise-togo-1.jpg\" class=\"attachment-full size-full wp-image-4689\" alt=\"\" \/><\/figure><div class=\"elementor-image-box-content\"><h6 class=\"elementor-image-box-title\">chers lecteurs, <\/h6><p class=\"elementor-image-box-description\">Cela fait maintenant neuf (09) ans que notre pays le Togo, \u00e0 l\u2019instar de ses voisins de la sous-r\u00e9gion, \u00e0 travers la transposition des Directives n\u00b004 et n\u00b005\/2005\/CM\/UEMOA du 09 d\u00e9cembre 2005 de l\u2019Union Economique et Mon\u00e9taire Ouest Africaine (UEMOA), poss\u00e8de un syst\u00e8me fiable de passation, de contr\u00f4le et de r\u00e9gulation des march\u00e9s publics.<\/p><\/div><\/div>\t\t<\/div>\n\t\t\t\t<\/div>\n\t\t\t\t<div class=\"elementor-element elementor-element-128cc25 elementor-widget elementor-widget-text-editor\" data-id=\"128cc25\" data-element_type=\"widget\" data-widget_type=\"text-editor.default\">\n\t\t\t\t<div class=\"elementor-widget-container\">\n\t\t\t<style>\/*! elementor - v3.23.0 - 05-08-2024 *\/\n.elementor-widget-text-editor.elementor-drop-cap-view-stacked .elementor-drop-cap{background-color:#69727d;color:#fff}.elementor-widget-text-editor.elementor-drop-cap-view-framed .elementor-drop-cap{color:#69727d;border:3px solid;background-color:transparent}.elementor-widget-text-editor:not(.elementor-drop-cap-view-default) .elementor-drop-cap{margin-top:8px}.elementor-widget-text-editor:not(.elementor-drop-cap-view-default) .elementor-drop-cap-letter{width:1em;height:1em}.elementor-widget-text-editor .elementor-drop-cap{float:left;text-align:center;line-height:1;font-size:50px}.elementor-widget-text-editor .elementor-drop-cap-letter{display:inline-block}<\/style>\t\t\t\t<p>Dans cette perspective, l\u2019environnement des march\u00e9s publics a \u00e9t\u00e9 marqu\u00e9 ces derni\u00e8res ann\u00e9es par plusieurs am\u00e9liorations du cadre juridique et institutionnel.<\/p><p>Ainsi, outre la loi n\u00b02009 013 du 30 juin 2009 relative aux march\u00e9s publics et d\u00e9l\u00e9gations de service public qui a \u00e9t\u00e9 promulgu\u00e9e par le Pr\u00e9sident de la R\u00e9publique, le d\u00e9cret n\u00b02009-277\/PR du 11 novembre 2009 portant code des march\u00e9s publics et d\u00e9l\u00e9gations de service public a \u00e9galement \u00e9t\u00e9 adopt\u00e9 par le gouvernement en conseil des ministres.<\/p><p>La mise en application du nouveau code des march\u00e9s publics en 2011 a \u00e9t\u00e9 marqu\u00e9e par l\u2019application effective des dispositions de l\u2019article 5 de la loi relative aux march\u00e9s publics et d\u00e9l\u00e9gations de service public qui consacre la s\u00e9paration de trois (03) fonctions que sont :<\/p><p><strong>la fonction de passation<\/strong>, assur\u00e9e par les <strong>Autorit\u00e9s contractantes (AC)<\/strong> \u00e0 travers leurs organes de passation des march\u00e9s publics<strong> (personne responsable des march\u00e9s publics et commission de passation des march\u00e9s publics)<\/strong> et leurs services techniques ;<br \/><strong>la fonction de contr\u00f4le<\/strong> qui incombe \u00e0 la<strong> Direction nationale du contr\u00f4le des march\u00e9s publics (DNCMP)<\/strong> et \u00e0 la<strong> Commission de contr\u00f4le des march\u00e9s publics (CCMP)<\/strong> cr\u00e9\u00e9e aupr\u00e8s de chaque autorit\u00e9 contractante, et<br \/><strong>la fonction de r\u00e9gulation<\/strong> qui est du ressort de<strong> l\u2019Autorit\u00e9 de R\u00e9gulation des March\u00e9s Publics (ARMP)<\/strong>.<br \/>L\u2019objectif de cette s\u00e9paration des fonctions est de garantir le respect des principes de la commande publique, en vue d\u2019une bonne utilisation des deniers publics.<\/p><p>Pour sa part, la Direction nationale du contr\u00f4le des march\u00e9s publics (DNCMP), structure administrative d\u00e9pendant du Minist\u00e8re de l\u2019Economie et des Finances, a pour mission principale d\u2019assurer le contr\u00f4le a priori des proc\u00e9dures de passation de march\u00e9s publics et des d\u00e9l\u00e9gations de service public d\u00e9finit par le <strong>d\u00e9cret n\u00b02011 059\/PR du 04 mai 2011<\/strong> portant d\u00e9finition des seuils de passation, de publication, de contr\u00f4le et d\u2019approbation des march\u00e9s publics. Elle <strong>proc\u00e8de \u00e9galement \u00e0 un contr\u00f4le a posteriori<\/strong> des proc\u00e9dures de passation des march\u00e9s public d&rsquo;un montant inf\u00e9rieur au seuil de contr\u00f4le a priori et assure enfin des missions de suivi de l&rsquo;ex\u00e9cution des march\u00e9s publics et des d\u00e9l\u00e9gations de service public.<\/p><p>La DNCMP a \u00e9galement pour mission la publication d\u2019informations aff\u00e9rentes aux march\u00e9s publics, notamment, les plans de passation des march\u00e9s publics (PPM), les avis d\u2019appel d\u2019offres, les avis d\u2019attribution provisoires et d\u00e9finitives, les avis g\u00e9n\u00e9raux, les annulations de proc\u00e9dures, les d\u00e9cisions du Comit\u00e9 de r\u00e8glement des diff\u00e9rents (CRD) \u00e0 travers l\u2019hebdomadaire le<strong> Journal des March\u00e9s Publics et le portail web<\/strong>.<\/p><p>La bonne gestion des march\u00e9s publics devant contribuer \u00e0 la r\u00e9duction de la pauvret\u00e9, l\u2019initiative du Pr\u00e9sident de la R\u00e9publique dans son discours \u00e0 la nation, le 04 janvier 2018 de r\u00e9server jusqu\u2019\u00e0 20% des march\u00e9s publics aux jeunes et aux femmes entrepreneurs, ne peut qu\u2019\u00eatre vivement salu\u00e9e.<\/p><p>En effet, la population togolaise \u00e9tant essentiellement jeune et constitu\u00e9e \u00e0 50% de femmes, il s\u2019av\u00e8re indispensable que cette couche soit partie prenante au d\u00e9veloppement du pays.<\/p><p>A l\u2019instar de certains pays du continent, tels la Tunisie et l\u2019Afrique du Sud, le gouvernement togolais, veut par cette mesure, \u00e0 travers les autorit\u00e9s contractantes, significativement impliquer les jeunes entrepreneurs et femmes dans la commande publique.<\/p><p>Cette innovation consistera \u00e0 rendre obligatoire la sous-traitance consacr\u00e9e par l\u2019article 102 du Code des march\u00e9s publics, qui offre la possibilit\u00e9 de sous-traiter aux entreprises de moyenne envergure \u00e0 hauteur de 40%.<\/p><p>Le r\u00e9gime simplifi\u00e9 aff\u00e9rent \u00e0 ce choix en faveur des jeunes entrepreneurs et femmes impliquera la mise \u00e0 disposition des autorit\u00e9s contractantes, seule habilit\u00e9 \u00e0 payer la sous-traitance des march\u00e9s publics.<\/p><p>Aussi, l\u2019acheteur public devra \u00eatre en mesure d\u2019\u00e9tablir un programme dans la fourchette de 20% des march\u00e9s publics \u00e0 r\u00e9server \u00e0 la cat\u00e9gorie concern\u00e9e en vue de le transmettre avec un PPM \u00e0 l\u2019organe de contr\u00f4le comp\u00e9tent.<\/p><p>En d\u00e9finitive, \u00e9tant donn\u00e9 que la capacit\u00e9 d\u2019atteindre les objectifs de d\u00e9veloppement \u00e9conomique et social pour nos pays d\u00e9pend largement du bon fonctionnement de leurs syst\u00e8mes de passation des march\u00e9s, vos avis et commentaires constituent pour nous un apport pr\u00e9cieux \u00e0 l\u2019am\u00e9lioration du secteur des march\u00e9s publics. C\u2019est pourquoi, la DNCMP invite ses lecteurs, \u00e0 ne pas h\u00e9siter de lui communiquer des propositions visant aussi bien l\u2019am\u00e9lioration des proc\u00e9dures de passation des march\u00e9s publics que celle de votre hebdomadaire et de d\u00e9noncer aupr\u00e8s de l\u2019ARMP, le cas \u00e9ch\u00e9ant, les abus constat\u00e9s tout au long d\u2019un processus d\u2019attribution ou d\u2019ex\u00e9cution d\u2019un march\u00e9.<\/p><h2 style=\"text-align: right;\">\u00a0 \u00a0 \u00a0 \u00a0 \u00a0 \u00a0 \u00a0 \u00a0 \u00a0 \u00a0 \u00a0 \u00a0 \u00a0 \u00a0 \u00a0 \u00a0 \u00a0 \u00a0 \u00a0 \u00a0 \u00a0 \u00a0 \u00a0 \u00a0 \u00a0 \u00a0 \u00a0 \u00a0 <span style=\"color: #000000;\"><strong>\u00a0Zour\u00e9hatou KASSAH-TRAORE<\/strong><\/span><\/h2>\t\t\t\t\t\t<\/div>\n\t\t\t\t<\/div>\n\t\t\t\t<\/div>\n\t\t\t\t<\/div>\n\t\t\t\t<\/div>\n\t\t","protected":false},"excerpt":{"rendered":"<p>chers lecteurs, Cela fait maintenant neuf (09) ans que notre pays le Togo, \u00e0 l\u2019instar de ses voisins de la<\/p>\n","protected":false},"author":1,"featured_media":0,"parent":0,"menu_order":0,"comment_status":"closed","ping_status":"closed","template":"","meta":{"postBodyMargin":[],"postBodyPadding":[],"postBodyBackground":{"backgroundType":"classic","gradient":""},"footnotes":""},"folder":[],"class_list":["post-1127","page","type-page","status-publish","hentry"],"_links":{"self":[{"href":"https:\/\/ns557595.ip-139-99-122.net\/dnccp\/wp-json\/wp\/v2\/pages\/1127"}],"collection":[{"href":"https:\/\/ns557595.ip-139-99-122.net\/dnccp\/wp-json\/wp\/v2\/pages"}],"about":[{"href":"https:\/\/ns557595.ip-139-99-122.net\/dnccp\/wp-json\/wp\/v2\/types\/page"}],"author":[{"embeddable":true,"href":"https:\/\/ns557595.ip-139-99-122.net\/dnccp\/wp-json\/wp\/v2\/users\/1"}],"replies":[{"embeddable":true,"href":"https:\/\/ns557595.ip-139-99-122.net\/dnccp\/wp-json\/wp\/v2\/comments?post=1127"}],"version-history":[{"count":59,"href":"https:\/\/ns557595.ip-139-99-122.net\/dnccp\/wp-json\/wp\/v2\/pages\/1127\/revisions"}],"predecessor-version":[{"id":8411,"href":"https:\/\/ns557595.ip-139-99-122.net\/dnccp\/wp-json\/wp\/v2\/pages\/1127\/revisions\/8411"}],"wp:attachment":[{"href":"https:\/\/ns557595.ip-139-99-122.net\/dnccp\/wp-json\/wp\/v2\/media?parent=1127"}],"wp:term":[{"taxonomy":"folder","embeddable":true,"href":"https:\/\/ns557595.ip-139-99-122.net\/dnccp\/wp-json\/wp\/v2\/folder?post=1127"}],"curies":[{"name":"wp","href":"https:\/\/api.w.org\/{rel}","templated":true}]}}