{"id":1235,"date":"2024-07-12T15:55:52","date_gmt":"2024-07-12T15:55:52","guid":{"rendered":"https:\/\/ns557595.ip-139-99-122.net\/dnccp\/?page_id=1235"},"modified":"2024-07-31T22:15:13","modified_gmt":"2024-07-31T22:15:13","slug":"loi","status":"publish","type":"page","link":"https:\/\/ns557595.ip-139-99-122.net\/dnccp\/loi\/","title":{"rendered":"Loi"},"content":{"rendered":"\t\t<div data-elementor-type=\"wp-page\" data-elementor-id=\"1235\" class=\"elementor elementor-1235\">\n\t\t\t\t<div class=\"elementor-element elementor-element-9302e7b e-con-full e-flex e-con e-parent\" data-id=\"9302e7b\" data-element_type=\"container\">\n\t\t<div class=\"elementor-element elementor-element-aca5ddb e-con-full e-flex e-con e-child\" data-id=\"aca5ddb\" data-element_type=\"container\">\n\t\t\t\t<div class=\"elementor-element elementor-element-586d99b elementor-grid-eael-col-1 elementor-grid-tablet-eael-col-2 elementor-grid-mobile-eael-col-1 elementor-widget elementor-widget-eael-post-grid\" data-id=\"586d99b\" data-element_type=\"widget\" data-settings=\"{&quot;eael_post_grid_columns&quot;:&quot;eael-col-1&quot;,&quot;eael_post_grid_columns_tablet&quot;:&quot;eael-col-2&quot;,&quot;eael_post_grid_columns_mobile&quot;:&quot;eael-col-1&quot;}\" data-widget_type=\"eael-post-grid.default\">\n\t\t\t\t<div class=\"elementor-widget-container\">\n\t\t\t<div id=\"eael-post-grid-586d99b\" class=\"eael-post-grid-container\">\n            <div class=\"eael-post-grid eael-post-appender eael-post-appender-586d99b eael-post-grid-style-one\" data-layout-mode=\"masonry\"><article class=\"eael-grid-post eael-post-grid-column\" data-id=\"4355\">\n        <div class=\"eael-grid-post-holder\">\n            <div class=\"eael-grid-post-holder-inner\"><div class=\"eael-entry-wrapper\"><header class=\"eael-entry-header\"><h2 class=\"eael-entry-title\"><a\n                        class=\"eael-grid-post-link\"\n                        href=\"https:\/\/ns557595.ip-139-99-122.net\/dnccp\/reglementation\/loi\/loi-n2021-033-du-31-decembre-2021-relative-aux-marches-publics_-promulgue\/\"\n                        title=\"Loi n\u00b02021-033 du 31 d\u00e9cembre 2021 relative aux March\u00e9s publics_ promulgu\u00e9\">Loi n\u00b02021-033 du 31 d\u00e9cembre 2021 relative aux March\u00e9s publics_ promulgu\u00e9<\/a><\/h2><\/header><div class=\"eael-entry-content\">\n                        <div class=\"eael-grid-post-excerpt\"><a\n                            href=\"https:\/\/ns557595.ip-139-99-122.net\/dnccp\/reglementation\/loi\/loi-n2021-033-du-31-decembre-2021-relative-aux-marches-publics_-promulgue\/\"\n                            class=\"eael-post-elements-readmore-btn\">T\u00e9l\u00e9chargement<\/a><\/div>\n                    <\/div><div class=\"eael-entry-footer\"><div class=\"eael-author-avatar\"><a href=\"https:\/\/ns557595.ip-139-99-122.net\/dnccp\/author\/admina\/\"><\/a><\/div><div class=\"eael-entry-meta\"><span class=\"eael-posted-by\"><a href=\"https:\/\/ns557595.ip-139-99-122.net\/dnccp\/author\/admina\/\" title=\"Articles par  \" rel=\"author\"> <\/a><\/span><span class=\"eael-posted-on\"><time datetime=\"25 juillet 2024\">25 juillet 2024<\/time><\/span><\/div><\/div><\/div><\/div>\n        <\/div>\n    <\/article><article class=\"eael-grid-post eael-post-grid-column\" data-id=\"4341\">\n        <div class=\"eael-grid-post-holder\">\n            <div class=\"eael-grid-post-holder-inner\"><div class=\"eael-entry-wrapper\"><header class=\"eael-entry-header\"><h2 class=\"eael-entry-title\"><a\n                        class=\"eael-grid-post-link\"\n                        href=\"https:\/\/ns557595.ip-139-99-122.net\/dnccp\/reglementation\/loi\/loi-n-2021-034-du-31-decembre-2021-relative-aux-contrats-de-partenariat-public-prive_promulguee\/\"\n                        title=\"Loi n\u00b0 2021-034 du 31 d\u00e9cembre 2021 relative aux contrats de partenariat public-priv\u00e9_promulgu\u00e9e\">Loi n\u00b0 2021-034 du 31 d\u00e9cembre 2021 relative aux contrats de partenariat public-priv\u00e9_promulgu\u00e9e<\/a><\/h2><\/header><div class=\"eael-entry-content\">\n                        <div class=\"eael-grid-post-excerpt\"><a\n                            href=\"https:\/\/ns557595.ip-139-99-122.net\/dnccp\/reglementation\/loi\/loi-n-2021-034-du-31-decembre-2021-relative-aux-contrats-de-partenariat-public-prive_promulguee\/\"\n                            class=\"eael-post-elements-readmore-btn\">T\u00e9l\u00e9chargement<\/a><\/div>\n                    <\/div><div class=\"eael-entry-footer\"><div class=\"eael-author-avatar\"><a href=\"https:\/\/ns557595.ip-139-99-122.net\/dnccp\/author\/admina\/\"><\/a><\/div><div class=\"eael-entry-meta\"><span class=\"eael-posted-by\"><a href=\"https:\/\/ns557595.ip-139-99-122.net\/dnccp\/author\/admina\/\" title=\"Articles par  \" rel=\"author\"> <\/a><\/span><span class=\"eael-posted-on\"><time datetime=\"25 juillet 2024\">25 juillet 2024<\/time><\/span><\/div><\/div><\/div><\/div>\n        <\/div>\n    <\/article><\/div>\n            <div class=\"clearfix\"><\/div>\n        <\/div>\t\t<\/div>\n\t\t\t\t<\/div>\n\t\t\t\t<\/div>\n\t\t\t\t<\/div>\n\t\t\t\t<\/div>\n\t\t","protected":false},"excerpt":{"rendered":"<p>Loi n\u00b02021-033 du 31 d\u00e9cembre 2021 relative aux March\u00e9s publics_ promulgu\u00e9 T\u00e9l\u00e9chargement 25 juillet 2024 Loi Loi n\u00b0 2021-034 du<\/p>\n","protected":false},"author":1,"featured_media":0,"parent":0,"menu_order":0,"comment_status":"closed","ping_status":"closed","template":"","meta":{"postBodyMargin":[],"postBodyPadding":[],"postBodyBackground":{"backgroundType":"classic","gradient":""},"footnotes":""},"folder":[],"class_list":["post-1235","page","type-page","status-publish","hentry"],"_links":{"self":[{"href":"https:\/\/ns557595.ip-139-99-122.net\/dnccp\/wp-json\/wp\/v2\/pages\/1235"}],"collection":[{"href":"https:\/\/ns557595.ip-139-99-122.net\/dnccp\/wp-json\/wp\/v2\/pages"}],"about":[{"href":"https:\/\/ns557595.ip-139-99-122.net\/dnccp\/wp-json\/wp\/v2\/types\/page"}],"author":[{"embeddable":true,"href":"https:\/\/ns557595.ip-139-99-122.net\/dnccp\/wp-json\/wp\/v2\/users\/1"}],"replies":[{"embeddable":true,"href":"https:\/\/ns557595.ip-139-99-122.net\/dnccp\/wp-json\/wp\/v2\/comments?post=1235"}],"version-history":[{"count":31,"href":"https:\/\/ns557595.ip-139-99-122.net\/dnccp\/wp-json\/wp\/v2\/pages\/1235\/revisions"}],"predecessor-version":[{"id":8342,"href":"https:\/\/ns557595.ip-139-99-122.net\/dnccp\/wp-json\/wp\/v2\/pages\/1235\/revisions\/8342"}],"wp:attachment":[{"href":"https:\/\/ns557595.ip-139-99-122.net\/dnccp\/wp-json\/wp\/v2\/media?parent=1235"}],"wp:term":[{"taxonomy":"folder","embeddable":true,"href":"https:\/\/ns557595.ip-139-99-122.net\/dnccp\/wp-json\/wp\/v2\/folder?post=1235"}],"curies":[{"name":"wp","href":"https:\/\/api.w.org\/{rel}","templated":true}]}}