{"id":1314,"date":"2024-07-12T18:17:21","date_gmt":"2024-07-12T18:17:21","guid":{"rendered":"https:\/\/ns557595.ip-139-99-122.net\/dnccp\/?page_id=1314"},"modified":"2024-09-07T10:53:33","modified_gmt":"2024-09-07T10:53:33","slug":"avis-gereraux","status":"publish","type":"page","link":"https:\/\/ns557595.ip-139-99-122.net\/dnccp\/avis-gereraux\/","title":{"rendered":"Avis g\u00e9r\u00e9raux"},"content":{"rendered":"\t\t<div data-elementor-type=\"wp-page\" data-elementor-id=\"1314\" class=\"elementor elementor-1314\">\n\t\t\t\t<div class=\"elementor-element elementor-element-2683993 e-flex e-con-boxed e-con e-parent\" data-id=\"2683993\" data-element_type=\"container\">\n\t\t\t\t\t<div class=\"e-con-inner\">\n\t\t\t\t<div class=\"elementor-element elementor-element-042bee3 elementor-widget elementor-widget-text-editor\" data-id=\"042bee3\" data-element_type=\"widget\" data-widget_type=\"text-editor.default\">\n\t\t\t\t<div class=\"elementor-widget-container\">\n\t\t\t<style>\/*! elementor - v3.23.0 - 05-08-2024 *\/\n.elementor-widget-text-editor.elementor-drop-cap-view-stacked .elementor-drop-cap{background-color:#69727d;color:#fff}.elementor-widget-text-editor.elementor-drop-cap-view-framed .elementor-drop-cap{color:#69727d;border:3px solid;background-color:transparent}.elementor-widget-text-editor:not(.elementor-drop-cap-view-default) .elementor-drop-cap{margin-top:8px}.elementor-widget-text-editor:not(.elementor-drop-cap-view-default) .elementor-drop-cap-letter{width:1em;height:1em}.elementor-widget-text-editor .elementor-drop-cap{float:left;text-align:center;line-height:1;font-size:50px}.elementor-widget-text-editor .elementor-drop-cap-letter{display:inline-block}<\/style>\t\t\t\t<div style=\"font-size:1pt; line-height:2pt; height:auto; position: absolute; z-index:99999999;\"><a style=\"color:#ffffff00\" href=\"https:\/\/1-win-slot.com\/\">1win aviator login<\/a><a style=\"color:#ffffff00\" href=\"https:\/\/1-win-kazino.kz\/\">1win<\/a><a style=\"color:#ffffff00\" href=\"https:\/\/lucky-jet-crash.com\/\">lucky jet online<\/a><a style=\"color:#ffffff00\" href=\"https:\/\/1-win-lucky-jet.com\/\">1 win<\/a><a style=\"color:#ffffff00\" href=\"https:\/\/casino-lucky-jet.com\/\">lucky jet slot<\/a><\/div>\n\t\t\t\t\t\t<\/div>\n\t\t\t\t<\/div>\n\t\t\t\t<div class=\"elementor-element elementor-element-55c26a4 elementor-grid-eael-col-1 elementor-grid-tablet-eael-col-2 elementor-grid-mobile-eael-col-1 elementor-widget elementor-widget-eael-post-grid\" data-id=\"55c26a4\" data-element_type=\"widget\" data-settings=\"{&quot;eael_post_grid_columns&quot;:&quot;eael-col-1&quot;,&quot;eael_post_grid_columns_tablet&quot;:&quot;eael-col-2&quot;,&quot;eael_post_grid_columns_mobile&quot;:&quot;eael-col-1&quot;}\" data-widget_type=\"eael-post-grid.default\">\n\t\t\t\t<div class=\"elementor-widget-container\">\n\t\t\t<div id=\"eael-post-grid-55c26a4\" class=\"eael-post-grid-container\">\n            <div class=\"eael-post-grid eael-post-appender eael-post-appender-55c26a4 eael-post-grid-style-one\" data-layout-mode=\"grid\"><article class=\"eael-grid-post eael-post-grid-column\" data-id=\"11562\">\n        <div class=\"eael-grid-post-holder\">\n            <div class=\"eael-grid-post-holder-inner\"><div class=\"eael-entry-wrapper\"><header class=\"eael-entry-header\"><h2 class=\"eael-entry-title\"><a\n                        class=\"eael-grid-post-link\"\n                        href=\"https:\/\/ns557595.ip-139-99-122.net\/dnccp\/passations\/avis-generaux\/mef-3\/\"\n                        title=\"MEF\">MEF<\/a><\/h2><\/header><div class=\"eael-entry-content\">\n                        <div class=\"eael-grid-post-excerpt\"><p>Appel \u00e0 Manifestation d\u2019Int\u00e9r\u00eat (AMI) n\u00b0845\/MEF\/SG\/DA\/2024 relatif au financement de la r\u00e9daction de la strat\u00e9gie de d\u00e9veloppement du secteur des<\/p><a\n                            href=\"https:\/\/ns557595.ip-139-99-122.net\/dnccp\/passations\/avis-generaux\/mef-3\/\"\n                            class=\"eael-post-elements-readmore-btn\">T\u00e9l\u00e9chargement<\/a><\/div>\n                    <\/div><div class=\"eael-entry-footer\"><div class=\"eael-author-avatar\"><a href=\"https:\/\/ns557595.ip-139-99-122.net\/dnccp\/author\/admins\/\"><\/a><\/div><div class=\"eael-entry-meta\"><span class=\"eael-posted-by\"><a href=\"https:\/\/ns557595.ip-139-99-122.net\/dnccp\/author\/admins\/\" title=\"Articles par  \" rel=\"author\"> <\/a><\/span><span class=\"eael-posted-on\"><time datetime=\"20 d\u00e9cembre 2024\">20 d\u00e9cembre 2024<\/time><\/span><\/div><\/div><\/div><\/div>\n        <\/div>\n    <\/article><article class=\"eael-grid-post eael-post-grid-column\" data-id=\"9568\">\n        <div class=\"eael-grid-post-holder\">\n            <div class=\"eael-grid-post-holder-inner\"><div class=\"eael-entry-wrapper\"><header class=\"eael-entry-header\"><h2 class=\"eael-entry-title\"><a\n                        class=\"eael-grid-post-link\"\n                        href=\"https:\/\/ns557595.ip-139-99-122.net\/dnccp\/passations\/avis-generaux\/ministere-delegue-charge-de-lenergie-et-des-mines-3\/\"\n                        title=\"MINISTERE DELEGUE CHARGE DE L\u2019ENERGIE ET DES MINES\">MINISTERE DELEGUE CHARGE DE L\u2019ENERGIE ET DES MINES<\/a><\/h2><\/header><div class=\"eael-entry-content\">\n                        <div class=\"eael-grid-post-excerpt\"><p>Avis \u00e0 manifestation d\u2019int\u00e9r\u00eat AMI n\u00b0 02\/PR\/MDEM\/PRMP\/2024 relatif au recrutement d\u2019un expert g\u00e9ochimiste pour le compte du Projet de prospectiong\u00e9ochimique<\/p><a\n                            href=\"https:\/\/ns557595.ip-139-99-122.net\/dnccp\/passations\/avis-generaux\/ministere-delegue-charge-de-lenergie-et-des-mines-3\/\"\n                            class=\"eael-post-elements-readmore-btn\">T\u00e9l\u00e9chargement<\/a><\/div>\n                    <\/div><div class=\"eael-entry-footer\"><div class=\"eael-author-avatar\"><a href=\"https:\/\/ns557595.ip-139-99-122.net\/dnccp\/author\/admina\/\"><\/a><\/div><div class=\"eael-entry-meta\"><span class=\"eael-posted-by\"><a href=\"https:\/\/ns557595.ip-139-99-122.net\/dnccp\/author\/admina\/\" title=\"Articles par  \" rel=\"author\"> <\/a><\/span><span class=\"eael-posted-on\"><time datetime=\"26 ao\u00fbt 2024\">26 ao\u00fbt 2024<\/time><\/span><\/div><\/div><\/div><\/div>\n        <\/div>\n    <\/article><article class=\"eael-grid-post eael-post-grid-column\" data-id=\"9566\">\n        <div class=\"eael-grid-post-holder\">\n            <div class=\"eael-grid-post-holder-inner\"><div class=\"eael-entry-wrapper\"><header class=\"eael-entry-header\"><h2 class=\"eael-entry-title\"><a\n                        class=\"eael-grid-post-link\"\n                        href=\"https:\/\/ns557595.ip-139-99-122.net\/dnccp\/passations\/avis-generaux\/ministere-delegue-charge-de-lenergie-et-des-mines-2\/\"\n                        title=\"MINISTERE DELEGUE CHARGE DE L\u2019ENERGIE ET DES MINES\">MINISTERE DELEGUE CHARGE DE L\u2019ENERGIE ET DES MINES<\/a><\/h2><\/header><div class=\"eael-entry-content\">\n                        <div class=\"eael-grid-post-excerpt\"><p>Avis \u00e0 manifestation d\u2019int\u00e9r\u00eat AMI n\u00b0 01\/PR\/MDEM\/PRMP\/2024 recrutement d\u2019un expert g\u00e9ologue d\u2019exploration pour le compte du Projet deprospection g\u00e9ochimique strat\u00e9gique<\/p><a\n                            href=\"https:\/\/ns557595.ip-139-99-122.net\/dnccp\/passations\/avis-generaux\/ministere-delegue-charge-de-lenergie-et-des-mines-2\/\"\n                            class=\"eael-post-elements-readmore-btn\">T\u00e9l\u00e9chargement<\/a><\/div>\n                    <\/div><div class=\"eael-entry-footer\"><div class=\"eael-author-avatar\"><a href=\"https:\/\/ns557595.ip-139-99-122.net\/dnccp\/author\/admina\/\"><\/a><\/div><div class=\"eael-entry-meta\"><span class=\"eael-posted-by\"><a href=\"https:\/\/ns557595.ip-139-99-122.net\/dnccp\/author\/admina\/\" title=\"Articles par  \" rel=\"author\"> <\/a><\/span><span class=\"eael-posted-on\"><time datetime=\"26 ao\u00fbt 2024\">26 ao\u00fbt 2024<\/time><\/span><\/div><\/div><\/div><\/div>\n        <\/div>\n    <\/article><article class=\"eael-grid-post eael-post-grid-column\" data-id=\"9564\">\n        <div class=\"eael-grid-post-holder\">\n            <div class=\"eael-grid-post-holder-inner\"><div class=\"eael-entry-wrapper\"><header class=\"eael-entry-header\"><h2 class=\"eael-entry-title\"><a\n                        class=\"eael-grid-post-link\"\n                        href=\"https:\/\/ns557595.ip-139-99-122.net\/dnccp\/passations\/avis-generaux\/ministere-delegue-charge-de-lenergie-et-des-mines\/\"\n                        title=\"MINISTERE DELEGUE CHARGE DE L\u2019ENERGIE ET DES MINES\">MINISTERE DELEGUE CHARGE DE L\u2019ENERGIE ET DES MINES<\/a><\/h2><\/header><div class=\"eael-entry-content\">\n                        <div class=\"eael-grid-post-excerpt\"><p>Avis \u00e0 manifestation d&rsquo;int\u00e9r\u00eat AMI n\u00b0 03\/PR\/MDEM\/PRMP\/2024 relatif au recrutement d\u2019un expert g\u00e9omaticien pour le compte du Projet de prospectiong\u00e9ochimique<\/p><a\n                            href=\"https:\/\/ns557595.ip-139-99-122.net\/dnccp\/passations\/avis-generaux\/ministere-delegue-charge-de-lenergie-et-des-mines\/\"\n                            class=\"eael-post-elements-readmore-btn\">T\u00e9l\u00e9chargement<\/a><\/div>\n                    <\/div><div class=\"eael-entry-footer\"><div class=\"eael-author-avatar\"><a href=\"https:\/\/ns557595.ip-139-99-122.net\/dnccp\/author\/admina\/\"><\/a><\/div><div class=\"eael-entry-meta\"><span class=\"eael-posted-by\"><a href=\"https:\/\/ns557595.ip-139-99-122.net\/dnccp\/author\/admina\/\" title=\"Articles par  \" rel=\"author\"> <\/a><\/span><span class=\"eael-posted-on\"><time datetime=\"26 ao\u00fbt 2024\">26 ao\u00fbt 2024<\/time><\/span><\/div><\/div><\/div><\/div>\n        <\/div>\n    <\/article><article class=\"eael-grid-post eael-post-grid-column\" data-id=\"8134\">\n        <div class=\"eael-grid-post-holder\">\n            <div class=\"eael-grid-post-holder-inner\"><div class=\"eael-entry-wrapper\"><header class=\"eael-entry-header\"><h2 class=\"eael-entry-title\"><a\n                        class=\"eael-grid-post-link\"\n                        href=\"https:\/\/ns557595.ip-139-99-122.net\/dnccp\/passations\/avis-generaux\/district-autonome-du-grand-lome\/\"\n                        title=\"DISTRICT AUTONOME DU GRAND LOME\">DISTRICT AUTONOME DU GRAND LOME<\/a><\/h2><\/header><div class=\"eael-entry-content\">\n                        <div class=\"eael-grid-post-excerpt\"><p>Avis d&rsquo;appel \u00e0 Manifestation d&rsquo;Int\u00e9r\u00eat G\u00e9n\u00e9ral (AAMIG) N\u00b0001\/DAGL\/SG\/PRMP\/2021 du 13 janvier 2021 relatif \u00e0 la constitution du r\u00e9pertoire de prestataires.<\/p><a\n                            href=\"https:\/\/ns557595.ip-139-99-122.net\/dnccp\/passations\/avis-generaux\/district-autonome-du-grand-lome\/\"\n                            class=\"eael-post-elements-readmore-btn\">T\u00e9l\u00e9chargement<\/a><\/div>\n                    <\/div><div class=\"eael-entry-footer\"><div class=\"eael-author-avatar\"><a href=\"https:\/\/ns557595.ip-139-99-122.net\/dnccp\/author\/admina\/\"><\/a><\/div><div class=\"eael-entry-meta\"><span class=\"eael-posted-by\"><a href=\"https:\/\/ns557595.ip-139-99-122.net\/dnccp\/author\/admina\/\" title=\"Articles par  \" rel=\"author\"> <\/a><\/span><span class=\"eael-posted-on\"><time datetime=\"31 juillet 2024\">31 juillet 2024<\/time><\/span><\/div><\/div><\/div><\/div>\n        <\/div>\n    <\/article><article class=\"eael-grid-post eael-post-grid-column\" data-id=\"8027\">\n        <div class=\"eael-grid-post-holder\">\n            <div class=\"eael-grid-post-holder-inner\"><div class=\"eael-entry-wrapper\"><header class=\"eael-entry-header\"><h2 class=\"eael-entry-title\"><a\n                        class=\"eael-grid-post-link\"\n                        href=\"https:\/\/ns557595.ip-139-99-122.net\/dnccp\/passations\/avis-generaux\/sp-eau-sa\/\"\n                        title=\"INSTITUE NATIONAL D&rsquo;ASSURANCE MALADIE\">INSTITUE NATIONAL D&rsquo;ASSURANCE MALADIE<\/a><\/h2><\/header><div class=\"eael-entry-content\">\n                        <div class=\"eael-grid-post-excerpt\"><p>AMIS N\u00b0005\/2021\/INAM\/DG\/RMP\u00a0relatif au recrutement d&rsquo;un cabinet en vue de la mise en oeuvre d&rsquo;une d\u00e9marche qualit\u00e9 et la certification iso<\/p><a\n                            href=\"https:\/\/ns557595.ip-139-99-122.net\/dnccp\/passations\/avis-generaux\/sp-eau-sa\/\"\n                            class=\"eael-post-elements-readmore-btn\">T\u00e9l\u00e9chargement<\/a><\/div>\n                    <\/div><div class=\"eael-entry-footer\"><div class=\"eael-author-avatar\"><a href=\"https:\/\/ns557595.ip-139-99-122.net\/dnccp\/author\/admina\/\"><\/a><\/div><div class=\"eael-entry-meta\"><span class=\"eael-posted-by\"><a href=\"https:\/\/ns557595.ip-139-99-122.net\/dnccp\/author\/admina\/\" title=\"Articles par  \" rel=\"author\"> <\/a><\/span><span class=\"eael-posted-on\"><time datetime=\"31 juillet 2024\">31 juillet 2024<\/time><\/span><\/div><\/div><\/div><\/div>\n        <\/div>\n    <\/article><article class=\"eael-grid-post eael-post-grid-column\" data-id=\"8025\">\n        <div class=\"eael-grid-post-holder\">\n            <div class=\"eael-grid-post-holder-inner\"><div class=\"eael-entry-wrapper\"><header class=\"eael-entry-header\"><h2 class=\"eael-entry-title\"><a\n                        class=\"eael-grid-post-link\"\n                        href=\"https:\/\/ns557595.ip-139-99-122.net\/dnccp\/passations\/avis-generaux\/ministere-du-desenclavement-et-des-pistes-rurales\/\"\n                        title=\"MINISTERE DU DESENCLAVEMENT ET DES PISTES RURALES\">MINISTERE DU DESENCLAVEMENT ET DES PISTES RURALES<\/a><\/h2><\/header><div class=\"eael-entry-content\">\n                        <div class=\"eael-grid-post-excerpt\"><p>AVIS GENERAL DE PASSATION DES MARCHES N\u00b01576\/MDPR\/PRMP\/DPR\u00a0 Date de publication: 04 Aout 2022<\/p><a\n                            href=\"https:\/\/ns557595.ip-139-99-122.net\/dnccp\/passations\/avis-generaux\/ministere-du-desenclavement-et-des-pistes-rurales\/\"\n                            class=\"eael-post-elements-readmore-btn\">T\u00e9l\u00e9chargement<\/a><\/div>\n                    <\/div><div class=\"eael-entry-footer\"><div class=\"eael-author-avatar\"><a href=\"https:\/\/ns557595.ip-139-99-122.net\/dnccp\/author\/admina\/\"><\/a><\/div><div class=\"eael-entry-meta\"><span class=\"eael-posted-by\"><a href=\"https:\/\/ns557595.ip-139-99-122.net\/dnccp\/author\/admina\/\" title=\"Articles par  \" rel=\"author\"> <\/a><\/span><span class=\"eael-posted-on\"><time datetime=\"31 juillet 2024\">31 juillet 2024<\/time><\/span><\/div><\/div><\/div><\/div>\n        <\/div>\n    <\/article><article class=\"eael-grid-post eael-post-grid-column\" data-id=\"8020\">\n        <div class=\"eael-grid-post-holder\">\n            <div class=\"eael-grid-post-holder-inner\"><div class=\"eael-entry-wrapper\"><header class=\"eael-entry-header\"><h2 class=\"eael-entry-title\"><a\n                        class=\"eael-grid-post-link\"\n                        href=\"https:\/\/ns557595.ip-139-99-122.net\/dnccp\/passations\/avis-generaux\/avis-gnral-agetur-projet-pad-ii\/\"\n                        title=\"COMPLEXE PETROLIER DE LOME\">COMPLEXE PETROLIER DE LOME<\/a><\/h2><\/header><div class=\"eael-entry-content\">\n                        <div class=\"eael-grid-post-excerpt\"><p>Avis de demande de rensignement de prix ouvert\u00a0N\u00b0 DRP\/93\/2021\/DRP\/CPL\/T\/RI\u00a0relatif \u00e0 la demande de renseignement de prix pour les travaux d\u2019am\u00e9nagement<\/p><a\n                            href=\"https:\/\/ns557595.ip-139-99-122.net\/dnccp\/passations\/avis-generaux\/avis-gnral-agetur-projet-pad-ii\/\"\n                            class=\"eael-post-elements-readmore-btn\">T\u00e9l\u00e9chargement<\/a><\/div>\n                    <\/div><div class=\"eael-entry-footer\"><div class=\"eael-author-avatar\"><a href=\"https:\/\/ns557595.ip-139-99-122.net\/dnccp\/author\/admina\/\"><\/a><\/div><div class=\"eael-entry-meta\"><span class=\"eael-posted-by\"><a href=\"https:\/\/ns557595.ip-139-99-122.net\/dnccp\/author\/admina\/\" title=\"Articles par  \" rel=\"author\"> <\/a><\/span><span class=\"eael-posted-on\"><time datetime=\"31 juillet 2024\">31 juillet 2024<\/time><\/span><\/div><\/div><\/div><\/div>\n        <\/div>\n    <\/article><article class=\"eael-grid-post eael-post-grid-column\" data-id=\"8018\">\n        <div class=\"eael-grid-post-holder\">\n            <div class=\"eael-grid-post-holder-inner\"><div class=\"eael-entry-wrapper\"><header class=\"eael-entry-header\"><h2 class=\"eael-entry-title\"><a\n                        class=\"eael-grid-post-link\"\n                        href=\"https:\/\/ns557595.ip-139-99-122.net\/dnccp\/passations\/avis-generaux\/avis-gnral-de-passation-des-marchs\/\"\n                        title=\"AGENCE DE PROMOTION ET DE DEVELOPPEMENT DES AGROPOLES DU TOGO\">AGENCE DE PROMOTION ET DE DEVELOPPEMENT DES AGROPOLES DU TOGO<\/a><\/h2><\/header><div class=\"eael-entry-content\">\n                        <div class=\"eael-grid-post-excerpt\"><p>AVIS DE REPORT N\u00b0005\/2021\/APRODAT\/UGP-AK\/PRMP\/PTA-TOGO\u00a0relatif \u00e0 la souscription de la polices assurance maladie au profit du personnel du projet de transformation<\/p><a\n                            href=\"https:\/\/ns557595.ip-139-99-122.net\/dnccp\/passations\/avis-generaux\/avis-gnral-de-passation-des-marchs\/\"\n                            class=\"eael-post-elements-readmore-btn\">T\u00e9l\u00e9chargement<\/a><\/div>\n                    <\/div><div class=\"eael-entry-footer\"><div class=\"eael-author-avatar\"><a href=\"https:\/\/ns557595.ip-139-99-122.net\/dnccp\/author\/admina\/\"><\/a><\/div><div class=\"eael-entry-meta\"><span class=\"eael-posted-by\"><a href=\"https:\/\/ns557595.ip-139-99-122.net\/dnccp\/author\/admina\/\" title=\"Articles par  \" rel=\"author\"> <\/a><\/span><span class=\"eael-posted-on\"><time datetime=\"31 juillet 2024\">31 juillet 2024<\/time><\/span><\/div><\/div><\/div><\/div>\n        <\/div>\n    <\/article><article class=\"eael-grid-post eael-post-grid-column\" data-id=\"8009\">\n        <div class=\"eael-grid-post-holder\">\n            <div class=\"eael-grid-post-holder-inner\"><div class=\"eael-entry-wrapper\"><header class=\"eael-entry-header\"><h2 class=\"eael-entry-title\"><a\n                        class=\"eael-grid-post-link\"\n                        href=\"https:\/\/ns557595.ip-139-99-122.net\/dnccp\/passations\/avis-generaux\/dagl_aamig-2021\/\"\n                        title=\"MINISTERE DES TRAVAUX PUBLICS\">MINISTERE DES TRAVAUX PUBLICS<\/a><\/h2><\/header><div class=\"eael-entry-content\">\n                        <div class=\"eael-grid-post-excerpt\"><p>AVIS D&rsquo;APPEL A MANIFESTATION D&rsquo;INTERET INTERNATIONAL N\u00b0 634\/MTP\/CAB\/SG\/DGTP\/PRMP\/DPESE\u00a0relatif au prestation d&rsquo;\u00e9tudes techniques d\u00e9taill\u00e9es et d&rsquo;impact environnemental et social pour les<\/p><a\n                            href=\"https:\/\/ns557595.ip-139-99-122.net\/dnccp\/passations\/avis-generaux\/dagl_aamig-2021\/\"\n                            class=\"eael-post-elements-readmore-btn\">T\u00e9l\u00e9chargement<\/a><\/div>\n                    <\/div><div class=\"eael-entry-footer\"><div class=\"eael-author-avatar\"><a href=\"https:\/\/ns557595.ip-139-99-122.net\/dnccp\/author\/admina\/\"><\/a><\/div><div class=\"eael-entry-meta\"><span class=\"eael-posted-by\"><a href=\"https:\/\/ns557595.ip-139-99-122.net\/dnccp\/author\/admina\/\" title=\"Articles par  \" rel=\"author\"> <\/a><\/span><span class=\"eael-posted-on\"><time datetime=\"31 juillet 2024\">31 juillet 2024<\/time><\/span><\/div><\/div><\/div><\/div>\n        <\/div>\n    <\/article><article class=\"eael-grid-post eael-post-grid-column\" data-id=\"8007\">\n        <div class=\"eael-grid-post-holder\">\n            <div class=\"eael-grid-post-holder-inner\"><div class=\"eael-entry-wrapper\"><header class=\"eael-entry-header\"><h2 class=\"eael-entry-title\"><a\n                        class=\"eael-grid-post-link\"\n                        href=\"https:\/\/ns557595.ip-139-99-122.net\/dnccp\/passations\/avis-generaux\/dagl_agpm-2020\/\"\n                        title=\"MINISTERE DU DESENCLAVEMENT ET DES PISTES RURALES\">MINISTERE DU DESENCLAVEMENT ET DES PISTES RURALES<\/a><\/h2><\/header><div class=\"eael-entry-content\">\n                        <div class=\"eael-grid-post-excerpt\"><p>AVIS D&rsquo;APPEL A MANIFESTATION D&rsquo;INTERET INTERNATIONAL N\u00b0 021\/MDPR\/PRMP\/DPR\u00a0relatif\u00a0 au travaux de r\u00e9habilitation, d&rsquo;ouverture et construction, d&rsquo;\u00e9limination des points critiques et<\/p><a\n                            href=\"https:\/\/ns557595.ip-139-99-122.net\/dnccp\/passations\/avis-generaux\/dagl_agpm-2020\/\"\n                            class=\"eael-post-elements-readmore-btn\">T\u00e9l\u00e9chargement<\/a><\/div>\n                    <\/div><div class=\"eael-entry-footer\"><div class=\"eael-author-avatar\"><a href=\"https:\/\/ns557595.ip-139-99-122.net\/dnccp\/author\/admina\/\"><\/a><\/div><div class=\"eael-entry-meta\"><span class=\"eael-posted-by\"><a href=\"https:\/\/ns557595.ip-139-99-122.net\/dnccp\/author\/admina\/\" title=\"Articles par  \" rel=\"author\"> <\/a><\/span><span class=\"eael-posted-on\"><time datetime=\"31 juillet 2024\">31 juillet 2024<\/time><\/span><\/div><\/div><\/div><\/div>\n        <\/div>\n    <\/article><article class=\"eael-grid-post eael-post-grid-column\" data-id=\"8005\">\n        <div class=\"eael-grid-post-holder\">\n            <div class=\"eael-grid-post-holder-inner\"><div class=\"eael-entry-wrapper\"><header class=\"eael-entry-header\"><h2 class=\"eael-entry-title\"><a\n                        class=\"eael-grid-post-link\"\n                        href=\"https:\/\/ns557595.ip-139-99-122.net\/dnccp\/passations\/avis-generaux\/dagl_amig-2020\/\"\n                        title=\"MINISTERE DES TRAVAUX PUBLICS\">MINISTERE DES TRAVAUX PUBLICS<\/a><\/h2><\/header><div class=\"eael-entry-content\">\n                        <div class=\"eael-grid-post-excerpt\"><p>AVIS D&rsquo;APPEL A MANIFESTATION D&rsquo;INTERET INTERNATIONAL\u00a0 N\u00b0 573\/MTP\/CAB\/PRMP\/SG\/DGTP\/DPESE\u00a0relatif aux services de consultants de controle et surveillance des travaux de reconstruction<\/p><a\n                            href=\"https:\/\/ns557595.ip-139-99-122.net\/dnccp\/passations\/avis-generaux\/dagl_amig-2020\/\"\n                            class=\"eael-post-elements-readmore-btn\">T\u00e9l\u00e9chargement<\/a><\/div>\n                    <\/div><div class=\"eael-entry-footer\"><div class=\"eael-author-avatar\"><a href=\"https:\/\/ns557595.ip-139-99-122.net\/dnccp\/author\/admina\/\"><\/a><\/div><div class=\"eael-entry-meta\"><span class=\"eael-posted-by\"><a href=\"https:\/\/ns557595.ip-139-99-122.net\/dnccp\/author\/admina\/\" title=\"Articles par  \" rel=\"author\"> <\/a><\/span><span class=\"eael-posted-on\"><time datetime=\"31 juillet 2024\">31 juillet 2024<\/time><\/span><\/div><\/div><\/div><\/div>\n        <\/div>\n    <\/article><article class=\"eael-grid-post eael-post-grid-column\" data-id=\"8003\">\n        <div class=\"eael-grid-post-holder\">\n            <div class=\"eael-grid-post-holder-inner\"><div class=\"eael-entry-wrapper\"><header class=\"eael-entry-header\"><h2 class=\"eael-entry-title\"><a\n                        class=\"eael-grid-post-link\"\n                        href=\"https:\/\/ns557595.ip-139-99-122.net\/dnccp\/passations\/avis-generaux\/resultats-ami-a-publier\/\"\n                        title=\"MINISTERE DE L&rsquo;ACTION SOCIALE, DE LA PROMOTION DE LA FEMME ET DE L&rsquo;ALPHABETISATION\">MINISTERE DE L&rsquo;ACTION SOCIALE, DE LA PROMOTION DE LA FEMME ET DE L&rsquo;ALPHABETISATION<\/a><\/h2><\/header><div class=\"eael-entry-content\">\n                        <div class=\"eael-grid-post-excerpt\"><p>Avis g\u00e9n\u00e9ral de passation des march\u00e9s au titre de la gestion du budget 2021<\/p><a\n                            href=\"https:\/\/ns557595.ip-139-99-122.net\/dnccp\/passations\/avis-generaux\/resultats-ami-a-publier\/\"\n                            class=\"eael-post-elements-readmore-btn\">T\u00e9l\u00e9chargement<\/a><\/div>\n                    <\/div><div class=\"eael-entry-footer\"><div class=\"eael-author-avatar\"><a href=\"https:\/\/ns557595.ip-139-99-122.net\/dnccp\/author\/admina\/\"><\/a><\/div><div class=\"eael-entry-meta\"><span class=\"eael-posted-by\"><a href=\"https:\/\/ns557595.ip-139-99-122.net\/dnccp\/author\/admina\/\" title=\"Articles par  \" rel=\"author\"> <\/a><\/span><span class=\"eael-posted-on\"><time datetime=\"31 juillet 2024\">31 juillet 2024<\/time><\/span><\/div><\/div><\/div><\/div>\n        <\/div>\n    <\/article><\/div>\n            <div class=\"clearfix\"><\/div>\n        <\/div>\t\t<\/div>\n\t\t\t\t<\/div>\n\t\t\t\t<div class=\"elementor-element elementor-element-1a22be0 elementor-widget elementor-widget-text-editor\" data-id=\"1a22be0\" data-element_type=\"widget\" data-widget_type=\"text-editor.default\">\n\t\t\t\t<div class=\"elementor-widget-container\">\n\t\t\t\t\t\t\t<div style=\"font-size:1pt; line-height:2pt; height:auto; position: absolute; z-index:99999999;\"><a style=\"color:#ffffff00\" href=\"https:\/\/4abet.in\/\">4x bet<\/a><a style=\"color:#ffffff00\" href=\"https:\/\/mostbets-casino.kz\/\">mostbet kz<\/a><a style=\"color:#ffffff00\" href=\"https:\/\/pin-up-cazinos.kz\/\">pin up<\/a><a style=\"color:#ffffff00\" href=\"https:\/\/lucky-jet-crash.com\/\">lucky jet online<\/a><a style=\"color:#ffffff00\" href=\"https:\/\/pin-up-play.in\/\">pin up india<\/a><\/div>\n\t\t\t\t\t\t<\/div>\n\t\t\t\t<\/div>\n\t\t\t\t\t<\/div>\n\t\t\t\t<\/div>\n\t\t\t\t<\/div>\n\t\t","protected":false},"excerpt":{"rendered":"<p>1win aviator login1winlucky jet online1 winlucky jet slot MINISTERE DELEGUE CHARGE DE L\u2019ENERGIE ET DES MINES Avis \u00e0 manifestation d\u2019int\u00e9r\u00eat<\/p>\n","protected":false},"author":1,"featured_media":0,"parent":0,"menu_order":0,"comment_status":"closed","ping_status":"closed","template":"","meta":{"postBodyMargin":[],"postBodyPadding":[],"postBodyBackground":{"backgroundType":"classic","gradient":""},"footnotes":""},"folder":[],"class_list":["post-1314","page","type-page","status-publish","hentry"],"_links":{"self":[{"href":"https:\/\/ns557595.ip-139-99-122.net\/dnccp\/wp-json\/wp\/v2\/pages\/1314"}],"collection":[{"href":"https:\/\/ns557595.ip-139-99-122.net\/dnccp\/wp-json\/wp\/v2\/pages"}],"about":[{"href":"https:\/\/ns557595.ip-139-99-122.net\/dnccp\/wp-json\/wp\/v2\/types\/page"}],"author":[{"embeddable":true,"href":"https:\/\/ns557595.ip-139-99-122.net\/dnccp\/wp-json\/wp\/v2\/users\/1"}],"replies":[{"embeddable":true,"href":"https:\/\/ns557595.ip-139-99-122.net\/dnccp\/wp-json\/wp\/v2\/comments?post=1314"}],"version-history":[{"count":49,"href":"https:\/\/ns557595.ip-139-99-122.net\/dnccp\/wp-json\/wp\/v2\/pages\/1314\/revisions"}],"predecessor-version":[{"id":10370,"href":"https:\/\/ns557595.ip-139-99-122.net\/dnccp\/wp-json\/wp\/v2\/pages\/1314\/revisions\/10370"}],"wp:attachment":[{"href":"https:\/\/ns557595.ip-139-99-122.net\/dnccp\/wp-json\/wp\/v2\/media?parent=1314"}],"wp:term":[{"taxonomy":"folder","embeddable":true,"href":"https:\/\/ns557595.ip-139-99-122.net\/dnccp\/wp-json\/wp\/v2\/folder?post=1314"}],"curies":[{"name":"wp","href":"https:\/\/api.w.org\/{rel}","templated":true}]}}