{"id":1466,"date":"2024-07-15T15:04:01","date_gmt":"2024-07-15T15:04:01","guid":{"rendered":"https:\/\/ns557595.ip-139-99-122.net\/dnccp\/?page_id=1466"},"modified":"2024-08-01T02:09:01","modified_gmt":"2024-08-01T02:09:01","slug":"missions","status":"publish","type":"page","link":"https:\/\/ns557595.ip-139-99-122.net\/dnccp\/missions\/","title":{"rendered":"Missions"},"content":{"rendered":"\t\t<div data-elementor-type=\"wp-page\" data-elementor-id=\"1466\" class=\"elementor elementor-1466\">\n\t\t\t\t<div class=\"elementor-element elementor-element-9302e7b e-con-full e-flex e-con e-parent\" data-id=\"9302e7b\" data-element_type=\"container\">\n\t\t<div class=\"elementor-element elementor-element-aca5ddb e-con-full e-flex e-con e-child\" data-id=\"aca5ddb\" data-element_type=\"container\">\n\t\t\t\t<div class=\"elementor-element elementor-element-ab091b5 elementor-widget__width-inherit elementor-widget-divider--view-line elementor-widget elementor-widget-divider\" data-id=\"ab091b5\" data-element_type=\"widget\" data-widget_type=\"divider.default\">\n\t\t\t\t<div class=\"elementor-widget-container\">\n\t\t\t<style>\/*! elementor - v3.23.0 - 05-08-2024 *\/\n.elementor-widget-divider{--divider-border-style:none;--divider-border-width:1px;--divider-color:#0c0d0e;--divider-icon-size:20px;--divider-element-spacing:10px;--divider-pattern-height:24px;--divider-pattern-size:20px;--divider-pattern-url:none;--divider-pattern-repeat:repeat-x}.elementor-widget-divider .elementor-divider{display:flex}.elementor-widget-divider .elementor-divider__text{font-size:15px;line-height:1;max-width:95%}.elementor-widget-divider .elementor-divider__element{margin:0 var(--divider-element-spacing);flex-shrink:0}.elementor-widget-divider .elementor-icon{font-size:var(--divider-icon-size)}.elementor-widget-divider .elementor-divider-separator{display:flex;margin:0;direction:ltr}.elementor-widget-divider--view-line_icon .elementor-divider-separator,.elementor-widget-divider--view-line_text .elementor-divider-separator{align-items:center}.elementor-widget-divider--view-line_icon .elementor-divider-separator:after,.elementor-widget-divider--view-line_icon .elementor-divider-separator:before,.elementor-widget-divider--view-line_text .elementor-divider-separator:after,.elementor-widget-divider--view-line_text .elementor-divider-separator:before{display:block;content:\"\";border-block-end:0;flex-grow:1;border-block-start:var(--divider-border-width) var(--divider-border-style) var(--divider-color)}.elementor-widget-divider--element-align-left .elementor-divider .elementor-divider-separator>.elementor-divider__svg:first-of-type{flex-grow:0;flex-shrink:100}.elementor-widget-divider--element-align-left .elementor-divider-separator:before{content:none}.elementor-widget-divider--element-align-left .elementor-divider__element{margin-left:0}.elementor-widget-divider--element-align-right .elementor-divider .elementor-divider-separator>.elementor-divider__svg:last-of-type{flex-grow:0;flex-shrink:100}.elementor-widget-divider--element-align-right .elementor-divider-separator:after{content:none}.elementor-widget-divider--element-align-right .elementor-divider__element{margin-right:0}.elementor-widget-divider--element-align-start .elementor-divider .elementor-divider-separator>.elementor-divider__svg:first-of-type{flex-grow:0;flex-shrink:100}.elementor-widget-divider--element-align-start .elementor-divider-separator:before{content:none}.elementor-widget-divider--element-align-start .elementor-divider__element{margin-inline-start:0}.elementor-widget-divider--element-align-end .elementor-divider .elementor-divider-separator>.elementor-divider__svg:last-of-type{flex-grow:0;flex-shrink:100}.elementor-widget-divider--element-align-end .elementor-divider-separator:after{content:none}.elementor-widget-divider--element-align-end .elementor-divider__element{margin-inline-end:0}.elementor-widget-divider:not(.elementor-widget-divider--view-line_text):not(.elementor-widget-divider--view-line_icon) .elementor-divider-separator{border-block-start:var(--divider-border-width) var(--divider-border-style) var(--divider-color)}.elementor-widget-divider--separator-type-pattern{--divider-border-style:none}.elementor-widget-divider--separator-type-pattern.elementor-widget-divider--view-line .elementor-divider-separator,.elementor-widget-divider--separator-type-pattern:not(.elementor-widget-divider--view-line) .elementor-divider-separator:after,.elementor-widget-divider--separator-type-pattern:not(.elementor-widget-divider--view-line) .elementor-divider-separator:before,.elementor-widget-divider--separator-type-pattern:not([class*=elementor-widget-divider--view]) .elementor-divider-separator{width:100%;min-height:var(--divider-pattern-height);-webkit-mask-size:var(--divider-pattern-size) 100%;mask-size:var(--divider-pattern-size) 100%;-webkit-mask-repeat:var(--divider-pattern-repeat);mask-repeat:var(--divider-pattern-repeat);background-color:var(--divider-color);-webkit-mask-image:var(--divider-pattern-url);mask-image:var(--divider-pattern-url)}.elementor-widget-divider--no-spacing{--divider-pattern-size:auto}.elementor-widget-divider--bg-round{--divider-pattern-repeat:round}.rtl .elementor-widget-divider .elementor-divider__text{direction:rtl}.e-con-inner>.elementor-widget-divider,.e-con>.elementor-widget-divider{width:var(--container-widget-width,100%);--flex-grow:var(--container-widget-flex-grow)}<\/style>\t\t<div class=\"elementor-divider\">\n\t\t\t<span class=\"elementor-divider-separator\">\n\t\t\t\t\t\t<\/span>\n\t\t<\/div>\n\t\t\t\t<\/div>\n\t\t\t\t<\/div>\n\t\t\t\t<div class=\"elementor-element elementor-element-506ec24 elementor-widget elementor-widget-heading\" data-id=\"506ec24\" data-element_type=\"widget\" data-widget_type=\"heading.default\">\n\t\t\t\t<div class=\"elementor-widget-container\">\n\t\t\t<style>\/*! elementor - v3.23.0 - 05-08-2024 *\/\n.elementor-heading-title{padding:0;margin:0;line-height:1}.elementor-widget-heading .elementor-heading-title[class*=elementor-size-]>a{color:inherit;font-size:inherit;line-height:inherit}.elementor-widget-heading .elementor-heading-title.elementor-size-small{font-size:15px}.elementor-widget-heading .elementor-heading-title.elementor-size-medium{font-size:19px}.elementor-widget-heading .elementor-heading-title.elementor-size-large{font-size:29px}.elementor-widget-heading .elementor-heading-title.elementor-size-xl{font-size:39px}.elementor-widget-heading .elementor-heading-title.elementor-size-xxl{font-size:59px}<\/style><h3 class=\"elementor-heading-title elementor-size-default\">Missions et attributions de la DNCMP<\/h3>\t\t<\/div>\n\t\t\t\t<\/div>\n\t\t\t\t<div class=\"elementor-element elementor-element-1849779 elementor-widget elementor-widget-text-editor\" data-id=\"1849779\" data-element_type=\"widget\" data-widget_type=\"text-editor.default\">\n\t\t\t\t<div class=\"elementor-widget-container\">\n\t\t\t<style>\/*! elementor - v3.23.0 - 05-08-2024 *\/\n.elementor-widget-text-editor.elementor-drop-cap-view-stacked .elementor-drop-cap{background-color:#69727d;color:#fff}.elementor-widget-text-editor.elementor-drop-cap-view-framed .elementor-drop-cap{color:#69727d;border:3px solid;background-color:transparent}.elementor-widget-text-editor:not(.elementor-drop-cap-view-default) .elementor-drop-cap{margin-top:8px}.elementor-widget-text-editor:not(.elementor-drop-cap-view-default) .elementor-drop-cap-letter{width:1em;height:1em}.elementor-widget-text-editor .elementor-drop-cap{float:left;text-align:center;line-height:1;font-size:50px}.elementor-widget-text-editor .elementor-drop-cap-letter{display:inline-block}<\/style>\t\t\t\t<p>La Direction Nationale du Contr\u00f4le des March\u00e9s Publics est charg\u00e9e de contr\u00f4ler a priori la proc\u00e9dure de passation des march\u00e9s d&rsquo;un montant sup\u00e9rieur \u00e0 un seuil fix\u00e9 par voie r\u00e9glementaire et des d\u00e9l\u00e9gations de service public et peut proc\u00e9der a post\u00e9riori au contr\u00f4le des proc\u00e9dures de passation des march\u00e9s d&rsquo;un montant inf\u00e9rieur audit seuil.<\/p><p>La Direction Nationale du Contr\u00f4le des March\u00e9s Publics assure \u00e9galement des missions de suivi de l&rsquo;ex\u00e9cution des march\u00e9s publics et des d\u00e9l\u00e9gations de service public.<\/p>\t\t\t\t\t\t<\/div>\n\t\t\t\t<\/div>\n\t\t\t\t<div class=\"elementor-element elementor-element-27d6e41 elementor-widget__width-inherit elementor-widget-divider--view-line elementor-widget elementor-widget-divider\" data-id=\"27d6e41\" data-element_type=\"widget\" data-widget_type=\"divider.default\">\n\t\t\t\t<div class=\"elementor-widget-container\">\n\t\t\t\t\t<div class=\"elementor-divider\">\n\t\t\t<span class=\"elementor-divider-separator\">\n\t\t\t\t\t\t<\/span>\n\t\t<\/div>\n\t\t\t\t<\/div>\n\t\t\t\t<\/div>\n\t\t\t\t<div class=\"elementor-element elementor-element-7a21bc0 elementor-widget__width-inherit elementor-widget-divider--view-line elementor-widget elementor-widget-divider\" data-id=\"7a21bc0\" data-element_type=\"widget\" data-widget_type=\"divider.default\">\n\t\t\t\t<div class=\"elementor-widget-container\">\n\t\t\t\t\t<div class=\"elementor-divider\">\n\t\t\t<span class=\"elementor-divider-separator\">\n\t\t\t\t\t\t<\/span>\n\t\t<\/div>\n\t\t\t\t<\/div>\n\t\t\t\t<\/div>\n\t\t\t\t<div class=\"elementor-element elementor-element-128cc25 elementor-widget elementor-widget-text-editor\" data-id=\"128cc25\" data-element_type=\"widget\" data-widget_type=\"text-editor.default\">\n\t\t\t\t<div class=\"elementor-widget-container\">\n\t\t\t\t\t\t\t<h4 style=\"text-align: center;\"><strong><span style=\"color: #003300;\">MISSIONS ET ATTRIBUTIONS EN MATIERE DE CONTR\u00d4LE DES PROCEDURES DE PASSATION DES MARCHES PUBLICS ET DES DELEGATIONS DE SERVICE PUBLIC ET DE SUIVI DE LEUR EXECUTION<\/span><\/strong><\/h4><p>Dans le cadre des missions qui lui sont confi\u00e9es, la Direction Nationale du Contr\u00f4le des March\u00e9s Publics:<\/p><ul><li style=\"list-style-type: none;\"><ul><li style=\"list-style-type: none;\"><ul><li>re\u00e7oit et \u00e9met un avis sur les plans de passation des march\u00e9s publics et d\u00e9l\u00e9gations qui sont pr\u00e9par\u00e9s chaque ann\u00e9e par toute autorit\u00e9 contractante qui assure la publication. Elle est associ\u00e9e aux r\u00e9unions de coordination entre les autorit\u00e9s contractantes et les autorit\u00e9s en charge d&rsquo;\u00e9laborer le budget de l&rsquo;Etat. Elle assure \u00e9galement le suivi de l&rsquo;ex\u00e9cution budg\u00e9taire par la r\u00e9servation du cr\u00e9dit et sa confirmation;<\/li><li>\u00e9met un avis de non objection sur les dossiers d&rsquo;appel d&rsquo;offres, y compris l&rsquo;avis d&rsquo;appel d&rsquo;offres, avant lancement de l&rsquo;appel \u00e0 concurrence et la publication correspondante, ainsi que sur leurs modifications \u00e9ventuelles ;<\/li><\/ul><\/li><\/ul><\/li><\/ul><ul><li style=\"list-style-type: none;\"><ul><li style=\"list-style-type: none;\"><ul><li>Accorde les autorisations et d\u00e9rogations n\u00e9cessaires \u00e0 la demande des autorit\u00e9s contractantes lorsqu&rsquo;elles sont pr\u00e9vues par la r\u00e9glementation en vigueur;<\/li><\/ul><\/li><\/ul><\/li><\/ul><ul><li style=\"list-style-type: none;\"><ul><li style=\"list-style-type: none;\"><ul><li>\u00e9met un avis de non objection sur le rapport d&rsquo;analyse comparative des propositions et le proc\u00e8s-verbal d&rsquo;attribution provisoire du march\u00e9, valid\u00e9 par la commission de contr\u00f4le des march\u00e9s publics;<\/li><\/ul><\/li><\/ul><\/li><\/ul><ul><li style=\"list-style-type: none;\"><ul><li style=\"list-style-type: none;\"><ul><li>proc\u00e8de \u00e0 un examen juridique et technique du dossier de march\u00e9 ou de d\u00e9l\u00e9gation avant son approbation et au besoin adresse \u00e0 l&rsquo;autorit\u00e9 contractante toute demande d&rsquo;\u00e9claircissement, de modification de nature \u00e0 garantir la conformit\u00e9 du march\u00e9 avec le dossier d&rsquo;appel d&rsquo;offres et la r\u00e9glementation en vigueur;<\/li><\/ul><\/li><\/ul><\/li><\/ul><ul><li style=\"list-style-type: none;\"><ul><li style=\"list-style-type: none;\"><ul><li>\u00e9met\u00a0 un avis de non objection sur les projets d&rsquo;avenant;<\/li><\/ul><\/li><\/ul><\/li><\/ul><ul><li style=\"list-style-type: none;\"><ul><li style=\"list-style-type: none;\"><ul><li>apporte, en tant que besoin, un appui technique aux autorit\u00e9s contractantes depuis l&rsquo;\u00e9laboration des plans de passation de march\u00e9s, la pr\u00e9paration des dossiers d&rsquo;appel d&rsquo;offres jusqu&rsquo;\u00e0 la r\u00e9ception d\u00e9finitive des prestations.<\/li><\/ul><\/li><\/ul><\/li><\/ul><p>La Direction Nationale du Contr\u00f4le des March\u00e9s Publics est \u00e9galement charg\u00e9e de contr\u00f4ler l&rsquo;activit\u00e9 des directions r\u00e9gionales charg\u00e9es du contr\u00f4le des march\u00e9s publics.<\/p>\t\t\t\t\t\t<\/div>\n\t\t\t\t<\/div>\n\t\t\t\t<div class=\"elementor-element elementor-element-7ecbffc elementor-widget-divider--view-line elementor-widget elementor-widget-divider\" data-id=\"7ecbffc\" data-element_type=\"widget\" data-widget_type=\"divider.default\">\n\t\t\t\t<div class=\"elementor-widget-container\">\n\t\t\t\t\t<div class=\"elementor-divider\">\n\t\t\t<span class=\"elementor-divider-separator\">\n\t\t\t\t\t\t<\/span>\n\t\t<\/div>\n\t\t\t\t<\/div>\n\t\t\t\t<\/div>\n\t\t\t\t<div class=\"elementor-element elementor-element-5bd3cfe elementor-widget-divider--view-line elementor-widget elementor-widget-divider\" data-id=\"5bd3cfe\" data-element_type=\"widget\" data-widget_type=\"divider.default\">\n\t\t\t\t<div class=\"elementor-widget-container\">\n\t\t\t\t\t<div class=\"elementor-divider\">\n\t\t\t<span class=\"elementor-divider-separator\">\n\t\t\t\t\t\t<\/span>\n\t\t<\/div>\n\t\t\t\t<\/div>\n\t\t\t\t<\/div>\n\t\t\t\t<div class=\"elementor-element elementor-element-bd31998 elementor-widget elementor-widget-text-editor\" data-id=\"bd31998\" data-element_type=\"widget\" data-widget_type=\"text-editor.default\">\n\t\t\t\t<div class=\"elementor-widget-container\">\n\t\t\t\t\t\t\t<h4 style=\"text-align: center;\"><span style=\"color: #003300;\"><strong>MISSIONS ET ATTRIBUTIONS EN MATIERE ADMINISTRATIVE ET CONSULTATIVE<\/strong><\/span><\/h4><p>La Direction Nationale du Contr\u00f4le des March\u00e9s Publics collabore avec l&rsquo;Autorit\u00e9 de R\u00e9gulation des March\u00e9s Publics, les minist\u00e8res techniques comp\u00e9tents, les organisations professionnelles, \u00e0 la r\u00e9daction et \u00e0 la validation des textes d&rsquo;application relatifs \u00e0 la r\u00e9glementation des march\u00e9s publics et des d\u00e9l\u00e9gations de service public, notamment, les documents types, les manuels de proc\u00e9dure, les guides et autres.<\/p><p>La Direction Nationale du Contr\u00f4le des March\u00e9s Publics proc\u00e8de, en relation avec l&rsquo;autorit\u00e9 de r\u00e9gulation des march\u00e9s publics \u00e0 la collecte et \u00e0 la centralisation de toutes les donn\u00e9es relatives \u00e0 l&rsquo;attribution, l&rsquo;ex\u00e9cution et le contr\u00f4le des march\u00e9s publics et d\u00e9l\u00e9gations de service public, en vue de la constitution d&rsquo;une banque de donn\u00e9es. A cet effet, elle re\u00e7oit des autorit\u00e9s contactantes copies des avis, autorisations, proc\u00e8s verbaux, rapports d&rsquo;\u00e9valuation, contrats, conventions, avenants et tous rapports d&rsquo;activit\u00e9 dont elle assure \u00e9galement la num\u00e9rotation des march\u00e9s et conventions de d\u00e9l\u00e9gations, en conformit\u00e9 avec les dispositions r\u00e9glementaires.<\/p><p>La Direction Nationale du Contr\u00f4le des March\u00e9s Publics collabore avec l&rsquo;Autorit\u00e9 de R\u00e9gulation des March\u00e9s Publics \u00e0 la programmation et \u00e0 l&rsquo;organisation de la formation initiale et continue des acteurs du syst\u00e8me de passation des march\u00e9s publics et des d\u00e9l\u00e9gations de service public.<\/p><p>Dans le cadre de ses missions organiques et statuaires, la Direction Nationale du Contr\u00f4le des March\u00e9s Publics peut faire appel, en cas de n\u00e9cessit\u00e9, aux services de cabinets, soci\u00e9t\u00e9s et personnes ressources qualifi\u00e9s dans les domaines consid\u00e9r\u00e9s.<\/p>\t\t\t\t\t\t<\/div>\n\t\t\t\t<\/div>\n\t\t\t\t<\/div>\n\t\t\t\t<\/div>\n\t\t\t\t<\/div>\n\t\t","protected":false},"excerpt":{"rendered":"<p>Missions et attributions de la DNCMP La Direction Nationale du Contr\u00f4le des March\u00e9s Publics est charg\u00e9e de contr\u00f4ler a priori<\/p>\n","protected":false},"author":1,"featured_media":0,"parent":0,"menu_order":0,"comment_status":"closed","ping_status":"closed","template":"","meta":{"postBodyMargin":[],"postBodyPadding":[],"postBodyBackground":{"backgroundType":"classic","gradient":""},"footnotes":""},"folder":[],"class_list":["post-1466","page","type-page","status-publish","hentry"],"_links":{"self":[{"href":"https:\/\/ns557595.ip-139-99-122.net\/dnccp\/wp-json\/wp\/v2\/pages\/1466"}],"collection":[{"href":"https:\/\/ns557595.ip-139-99-122.net\/dnccp\/wp-json\/wp\/v2\/pages"}],"about":[{"href":"https:\/\/ns557595.ip-139-99-122.net\/dnccp\/wp-json\/wp\/v2\/types\/page"}],"author":[{"embeddable":true,"href":"https:\/\/ns557595.ip-139-99-122.net\/dnccp\/wp-json\/wp\/v2\/users\/1"}],"replies":[{"embeddable":true,"href":"https:\/\/ns557595.ip-139-99-122.net\/dnccp\/wp-json\/wp\/v2\/comments?post=1466"}],"version-history":[{"count":67,"href":"https:\/\/ns557595.ip-139-99-122.net\/dnccp\/wp-json\/wp\/v2\/pages\/1466\/revisions"}],"predecessor-version":[{"id":8421,"href":"https:\/\/ns557595.ip-139-99-122.net\/dnccp\/wp-json\/wp\/v2\/pages\/1466\/revisions\/8421"}],"wp:attachment":[{"href":"https:\/\/ns557595.ip-139-99-122.net\/dnccp\/wp-json\/wp\/v2\/media?parent=1466"}],"wp:term":[{"taxonomy":"folder","embeddable":true,"href":"https:\/\/ns557595.ip-139-99-122.net\/dnccp\/wp-json\/wp\/v2\/folder?post=1466"}],"curies":[{"name":"wp","href":"https:\/\/api.w.org\/{rel}","templated":true}]}}