{"id":1705,"date":"2024-07-17T14:50:51","date_gmt":"2024-07-17T14:50:51","guid":{"rendered":"https:\/\/ns557595.ip-139-99-122.net\/dnccp\/?page_id=1705"},"modified":"2024-07-31T18:30:52","modified_gmt":"2024-07-31T18:30:52","slug":"avis-d-attribution-provisoire-f-t-sc","status":"publish","type":"page","link":"https:\/\/ns557595.ip-139-99-122.net\/dnccp\/avis-d-attribution-provisoire-f-t-sc\/","title":{"rendered":"F\/T\/SC"},"content":{"rendered":"\t\t<div data-elementor-type=\"wp-page\" data-elementor-id=\"1705\" class=\"elementor elementor-1705\">\n\t\t\t\t<div class=\"elementor-element elementor-element-9302e7b e-con-full e-flex e-con e-parent\" data-id=\"9302e7b\" data-element_type=\"container\">\n\t\t<div class=\"elementor-element elementor-element-aca5ddb e-con-full e-flex e-con e-child\" data-id=\"aca5ddb\" data-element_type=\"container\">\n\t\t\t\t<div class=\"elementor-element elementor-element-411a237 elementor-grid-eael-col-1 elementor-grid-tablet-eael-col-2 elementor-grid-mobile-eael-col-1 elementor-widget elementor-widget-eael-post-grid\" data-id=\"411a237\" data-element_type=\"widget\" data-settings=\"{&quot;eael_post_grid_columns&quot;:&quot;eael-col-1&quot;,&quot;eael_post_grid_columns_tablet&quot;:&quot;eael-col-2&quot;,&quot;eael_post_grid_columns_mobile&quot;:&quot;eael-col-1&quot;}\" data-widget_type=\"eael-post-grid.default\">\n\t\t\t\t<div class=\"elementor-widget-container\">\n\t\t\t<div id=\"eael-post-grid-411a237\" class=\"eael-post-grid-container\">\n            <div class=\"eael-post-grid eael-post-appender eael-post-appender-411a237 eael-post-grid-style-one\" data-layout-mode=\"grid\"><article class=\"eael-grid-post eael-post-grid-column\" data-id=\"11568\">\n        <div class=\"eael-grid-post-holder\">\n            <div class=\"eael-grid-post-holder-inner\"><div class=\"eael-entry-wrapper\"><header class=\"eael-entry-header\"><h2 class=\"eael-entry-title\"><a\n                        class=\"eael-grid-post-link\"\n                        href=\"https:\/\/ns557595.ip-139-99-122.net\/dnccp\/avis-dattribution-provisoire\/f-t-sc-avis-dattribution-provisoire\/societe-togolaise-de-stockage-de-lome-stsl\/\"\n                        title=\"SOCIETE TOGOLAISE DE STOCKAGE DE LOME (STSL)\">SOCIETE TOGOLAISE DE STOCKAGE DE LOME (STSL)<\/a><\/h2><\/header><div class=\"eael-entry-content\">\n                        <div class=\"eael-grid-post-excerpt\"><p>Avis d\u2019attribution provisoire\u00a0N\u00b0 DRP\/117\/2024\/DRP\/STSL\/F\/RI relatif \u00e0 la fourniture d\u2019ordinateurs portables, d\u2019ordinateurs de bureau et de batteries d\u2019ordinateurs par lot et<\/p><a\n                            href=\"https:\/\/ns557595.ip-139-99-122.net\/dnccp\/avis-dattribution-provisoire\/f-t-sc-avis-dattribution-provisoire\/societe-togolaise-de-stockage-de-lome-stsl\/\"\n                            class=\"eael-post-elements-readmore-btn\">T\u00e9l\u00e9chargement<\/a><\/div>\n                    <\/div><div class=\"eael-entry-footer\"><div class=\"eael-author-avatar\"><a href=\"https:\/\/ns557595.ip-139-99-122.net\/dnccp\/author\/admins\/\"><\/a><\/div><div class=\"eael-entry-meta\"><span class=\"eael-posted-by\"><a href=\"https:\/\/ns557595.ip-139-99-122.net\/dnccp\/author\/admins\/\" title=\"Articles par  \" rel=\"author\"> <\/a><\/span><span class=\"eael-posted-on\"><time datetime=\"20 d\u00e9cembre 2024\">20 d\u00e9cembre 2024<\/time><\/span><\/div><\/div><\/div><\/div>\n        <\/div>\n    <\/article><article class=\"eael-grid-post eael-post-grid-column\" data-id=\"11559\">\n        <div class=\"eael-grid-post-holder\">\n            <div class=\"eael-grid-post-holder-inner\"><div class=\"eael-entry-wrapper\"><header class=\"eael-entry-header\"><h2 class=\"eael-entry-title\"><a\n                        class=\"eael-grid-post-link\"\n                        href=\"https:\/\/ns557595.ip-139-99-122.net\/dnccp\/avis-dattribution-provisoire\/f-t-sc-avis-dattribution-provisoire\/matdcc-3\/\"\n                        title=\"MATDCC\">MATDCC<\/a><\/h2><\/header><div class=\"eael-entry-content\">\n                        <div class=\"eael-grid-post-excerpt\"><p>Avis d&rsquo;attribution provisoire du DAO n\u00b0002\/MATDCC\/CAB\/2024 du 26 septembre 2024, relatif \u00e0 la fourniture et \u00e0 l&rsquo;installation de mat\u00e9riel et<\/p><a\n                            href=\"https:\/\/ns557595.ip-139-99-122.net\/dnccp\/avis-dattribution-provisoire\/f-t-sc-avis-dattribution-provisoire\/matdcc-3\/\"\n                            class=\"eael-post-elements-readmore-btn\">T\u00e9l\u00e9chargement<\/a><\/div>\n                    <\/div><div class=\"eael-entry-footer\"><div class=\"eael-author-avatar\"><a href=\"https:\/\/ns557595.ip-139-99-122.net\/dnccp\/author\/admins\/\"><\/a><\/div><div class=\"eael-entry-meta\"><span class=\"eael-posted-by\"><a href=\"https:\/\/ns557595.ip-139-99-122.net\/dnccp\/author\/admins\/\" title=\"Articles par  \" rel=\"author\"> <\/a><\/span><span class=\"eael-posted-on\"><time datetime=\"20 d\u00e9cembre 2024\">20 d\u00e9cembre 2024<\/time><\/span><\/div><\/div><\/div><\/div>\n        <\/div>\n    <\/article><article class=\"eael-grid-post eael-post-grid-column\" data-id=\"11541\">\n        <div class=\"eael-grid-post-holder\">\n            <div class=\"eael-grid-post-holder-inner\"><div class=\"eael-entry-wrapper\"><header class=\"eael-entry-header\"><h2 class=\"eael-entry-title\"><a\n                        class=\"eael-grid-post-link\"\n                        href=\"https:\/\/ns557595.ip-139-99-122.net\/dnccp\/avis-dattribution-provisoire\/f-t-sc-avis-dattribution-provisoire\/ul-6\/\"\n                        title=\"UL\">UL<\/a><\/h2><\/header><div class=\"eael-entry-content\">\n                        <div class=\"eael-grid-post-excerpt\"><p>Proc\u00e8s-verbal d\u2019attribution provisoire de march\u00e9 DAON N\u00b0 001\/2024\/UL\/PRMP\/ CERViDA-DOUNEDON \/IDA du 10 Septembre 2024 relatif \u00e0 l&rsquo;acquisition des \u00e9quipements de<\/p><a\n                            href=\"https:\/\/ns557595.ip-139-99-122.net\/dnccp\/avis-dattribution-provisoire\/f-t-sc-avis-dattribution-provisoire\/ul-6\/\"\n                            class=\"eael-post-elements-readmore-btn\">T\u00e9l\u00e9chargement<\/a><\/div>\n                    <\/div><div class=\"eael-entry-footer\"><div class=\"eael-author-avatar\"><a href=\"https:\/\/ns557595.ip-139-99-122.net\/dnccp\/author\/admins\/\"><\/a><\/div><div class=\"eael-entry-meta\"><span class=\"eael-posted-by\"><a href=\"https:\/\/ns557595.ip-139-99-122.net\/dnccp\/author\/admins\/\" title=\"Articles par  \" rel=\"author\"> <\/a><\/span><span class=\"eael-posted-on\"><time datetime=\"18 d\u00e9cembre 2024\">18 d\u00e9cembre 2024<\/time><\/span><\/div><\/div><\/div><\/div>\n        <\/div>\n    <\/article><article class=\"eael-grid-post eael-post-grid-column\" data-id=\"11269\">\n        <div class=\"eael-grid-post-holder\">\n            <div class=\"eael-grid-post-holder-inner\"><div class=\"eael-entry-wrapper\"><header class=\"eael-entry-header\"><h2 class=\"eael-entry-title\"><a\n                        class=\"eael-grid-post-link\"\n                        href=\"https:\/\/ns557595.ip-139-99-122.net\/dnccp\/avis-dattribution-provisoire\/f-t-sc-avis-dattribution-provisoire\/mepst-3\/\"\n                        title=\"MEPST\">MEPST<\/a><\/h2><\/header><div class=\"eael-entry-content\">\n                        <div class=\"eael-grid-post-excerpt\"><p>Proc\u00e8s-verbal d\u2019attribution provisoire de l\u2019Appel d\u2019Offres Ouvert (AOO)\u00a0N\u00b0005\/2024\/MEPST\/CAB\/DAF\/PRMP\u00a0du 15 Juillet 2024 relatif \u00e0 l\u2019acquisition de 50 kits de jeux, et<\/p><a\n                            href=\"https:\/\/ns557595.ip-139-99-122.net\/dnccp\/avis-dattribution-provisoire\/f-t-sc-avis-dattribution-provisoire\/mepst-3\/\"\n                            class=\"eael-post-elements-readmore-btn\">T\u00e9l\u00e9chargement<\/a><\/div>\n                    <\/div><div class=\"eael-entry-footer\"><div class=\"eael-author-avatar\"><a href=\"https:\/\/ns557595.ip-139-99-122.net\/dnccp\/author\/admins\/\"><\/a><\/div><div class=\"eael-entry-meta\"><span class=\"eael-posted-by\"><a href=\"https:\/\/ns557595.ip-139-99-122.net\/dnccp\/author\/admins\/\" title=\"Articles par  \" rel=\"author\"> <\/a><\/span><span class=\"eael-posted-on\"><time datetime=\"23 septembre 2024\">23 septembre 2024<\/time><\/span><\/div><\/div><\/div><\/div>\n        <\/div>\n    <\/article><article class=\"eael-grid-post eael-post-grid-column\" data-id=\"8962\">\n        <div class=\"eael-grid-post-holder\">\n            <div class=\"eael-grid-post-holder-inner\"><div class=\"eael-entry-wrapper\"><header class=\"eael-entry-header\"><h2 class=\"eael-entry-title\"><a\n                        class=\"eael-grid-post-link\"\n                        href=\"https:\/\/ns557595.ip-139-99-122.net\/dnccp\/avis-dattribution-provisoire\/f-t-sc-avis-dattribution-provisoire\/mshp\/\"\n                        title=\"MSHP\">MSHP<\/a><\/h2><\/header><div class=\"eael-entry-content\">\n                        <div class=\"eael-grid-post-excerpt\"><p>Notification d&rsquo;intention d&rsquo;attributionCF N\u00b0003\/2024\/MSHP\/PRMP\/SG\/UGP-R4SP\/SPMFOURNITURE ET MISE EN SERVICE DE VEHICULE TOUT TERRAIN AU PROFIT DE L&rsquo;UGP-R4SP<\/p><a\n                            href=\"https:\/\/ns557595.ip-139-99-122.net\/dnccp\/avis-dattribution-provisoire\/f-t-sc-avis-dattribution-provisoire\/mshp\/\"\n                            class=\"eael-post-elements-readmore-btn\">T\u00e9l\u00e9chargement<\/a><\/div>\n                    <\/div><div class=\"eael-entry-footer\"><div class=\"eael-author-avatar\"><a href=\"https:\/\/ns557595.ip-139-99-122.net\/dnccp\/author\/admina\/\"><\/a><\/div><div class=\"eael-entry-meta\"><span class=\"eael-posted-by\"><a href=\"https:\/\/ns557595.ip-139-99-122.net\/dnccp\/author\/admina\/\" title=\"Articles par  \" rel=\"author\"> <\/a><\/span><span class=\"eael-posted-on\"><time datetime=\"22 ao\u00fbt 2024\">22 ao\u00fbt 2024<\/time><\/span><\/div><\/div><\/div><\/div>\n        <\/div>\n    <\/article><article class=\"eael-grid-post eael-post-grid-column\" data-id=\"8356\">\n        <div class=\"eael-grid-post-holder\">\n            <div class=\"eael-grid-post-holder-inner\"><div class=\"eael-entry-wrapper\"><header class=\"eael-entry-header\"><h2 class=\"eael-entry-title\"><a\n                        class=\"eael-grid-post-link\"\n                        href=\"https:\/\/ns557595.ip-139-99-122.net\/dnccp\/avis-dattribution-provisoire\/f-t-sc-avis-dattribution-provisoire\/compel-2\/\"\n                        title=\"COMPEL\">COMPEL<\/a><\/h2><\/header><div class=\"eael-entry-content\">\n                        <div class=\"eael-grid-post-excerpt\"><p>Avis d&rsquo;attribution provisoire de l&rsquo;Appel d&rsquo;Offres Ouvert N\u00b0AO\/68\/2023\/DAO\/CPL\/F\/RI\u00a0\u00a0relatif \u00e0 la fourniture de tuyaut\u00e9ries, robinetteries et acc\u00e9ssoires pour conversion BAC T1001.<\/p><a\n                            href=\"https:\/\/ns557595.ip-139-99-122.net\/dnccp\/avis-dattribution-provisoire\/f-t-sc-avis-dattribution-provisoire\/compel-2\/\"\n                            class=\"eael-post-elements-readmore-btn\">T\u00e9l\u00e9chargement<\/a><\/div>\n                    <\/div><div class=\"eael-entry-footer\"><div class=\"eael-author-avatar\"><a href=\"https:\/\/ns557595.ip-139-99-122.net\/dnccp\/author\/admina\/\"><\/a><\/div><div class=\"eael-entry-meta\"><span class=\"eael-posted-by\"><a href=\"https:\/\/ns557595.ip-139-99-122.net\/dnccp\/author\/admina\/\" title=\"Articles par  \" rel=\"author\"> <\/a><\/span><span class=\"eael-posted-on\"><time datetime=\"31 juillet 2024\">31 juillet 2024<\/time><\/span><\/div><\/div><\/div><\/div>\n        <\/div>\n    <\/article><article class=\"eael-grid-post eael-post-grid-column\" data-id=\"8354\">\n        <div class=\"eael-grid-post-holder\">\n            <div class=\"eael-grid-post-holder-inner\"><div class=\"eael-entry-wrapper\"><header class=\"eael-entry-header\"><h2 class=\"eael-entry-title\"><a\n                        class=\"eael-grid-post-link\"\n                        href=\"https:\/\/ns557595.ip-139-99-122.net\/dnccp\/avis-dattribution-provisoire\/f-t-sc-avis-dattribution-provisoire\/chu-so\/\"\n                        title=\"CHU SO\">CHU SO<\/a><\/h2><\/header><div class=\"eael-entry-content\">\n                        <div class=\"eael-grid-post-excerpt\"><p>Avis d&rsquo;attribution provisoire de l&rsquo;Appel d&rsquo;Offres ED\/DRPR N\u00b0016\/2023\/DG-CHU SO\/CGMaP\u00a0du 31 octobre 2023 relatif \u00e0 la fourniture de blouses au CHU<\/p><a\n                            href=\"https:\/\/ns557595.ip-139-99-122.net\/dnccp\/avis-dattribution-provisoire\/f-t-sc-avis-dattribution-provisoire\/chu-so\/\"\n                            class=\"eael-post-elements-readmore-btn\">T\u00e9l\u00e9chargement<\/a><\/div>\n                    <\/div><div class=\"eael-entry-footer\"><div class=\"eael-author-avatar\"><a href=\"https:\/\/ns557595.ip-139-99-122.net\/dnccp\/author\/admina\/\"><\/a><\/div><div class=\"eael-entry-meta\"><span class=\"eael-posted-by\"><a href=\"https:\/\/ns557595.ip-139-99-122.net\/dnccp\/author\/admina\/\" title=\"Articles par  \" rel=\"author\"> <\/a><\/span><span class=\"eael-posted-on\"><time datetime=\"31 juillet 2024\">31 juillet 2024<\/time><\/span><\/div><\/div><\/div><\/div>\n        <\/div>\n    <\/article><article class=\"eael-grid-post eael-post-grid-column\" data-id=\"8352\">\n        <div class=\"eael-grid-post-holder\">\n            <div class=\"eael-grid-post-holder-inner\"><div class=\"eael-entry-wrapper\"><header class=\"eael-entry-header\"><h2 class=\"eael-entry-title\"><a\n                        class=\"eael-grid-post-link\"\n                        href=\"https:\/\/ns557595.ip-139-99-122.net\/dnccp\/avis-dattribution-provisoire\/f-t-sc-avis-dattribution-provisoire\/mshpaus\/\"\n                        title=\"MSHPAUS\">MSHPAUS<\/a><\/h2><\/header><div class=\"eael-entry-content\">\n                        <div class=\"eael-grid-post-excerpt\"><p>Avis d&rsquo;attribution provisoire de l&rsquo;Appel d&rsquo;Offres I nternational AOI\u00a0N\u00b0002\/PPM 2023\/MSHPAUS\/CAB\/PRMP\/REPSRU\u00a0du 19 juin 2023 relatif \u00e0 l&rsquo;acquisition d&rsquo;ambulances m\u00e9dicalis\u00e9es pour 07<\/p><a\n                            href=\"https:\/\/ns557595.ip-139-99-122.net\/dnccp\/avis-dattribution-provisoire\/f-t-sc-avis-dattribution-provisoire\/mshpaus\/\"\n                            class=\"eael-post-elements-readmore-btn\">T\u00e9l\u00e9chargement<\/a><\/div>\n                    <\/div><div class=\"eael-entry-footer\"><div class=\"eael-author-avatar\"><a href=\"https:\/\/ns557595.ip-139-99-122.net\/dnccp\/author\/admina\/\"><\/a><\/div><div class=\"eael-entry-meta\"><span class=\"eael-posted-by\"><a href=\"https:\/\/ns557595.ip-139-99-122.net\/dnccp\/author\/admina\/\" title=\"Articles par  \" rel=\"author\"> <\/a><\/span><span class=\"eael-posted-on\"><time datetime=\"31 juillet 2024\">31 juillet 2024<\/time><\/span><\/div><\/div><\/div><\/div>\n        <\/div>\n    <\/article><article class=\"eael-grid-post eael-post-grid-column\" data-id=\"8349\">\n        <div class=\"eael-grid-post-holder\">\n            <div class=\"eael-grid-post-holder-inner\"><div class=\"eael-entry-wrapper\"><header class=\"eael-entry-header\"><h2 class=\"eael-entry-title\"><a\n                        class=\"eael-grid-post-link\"\n                        href=\"https:\/\/ns557595.ip-139-99-122.net\/dnccp\/avis-dattribution-provisoire\/f-t-sc-avis-dattribution-provisoire\/comple\/\"\n                        title=\"COMPLE\">COMPLE<\/a><\/h2><\/header><div class=\"eael-entry-content\">\n                        <div class=\"eael-grid-post-excerpt\"><p>R\u00e9sultat de la demande de renseignement de prix N\u00b0DRP\/94\/2023\/DRP\/CPL\/F\/RI\u00a0relatif \u00e0 la fourniture d&rsquo;une \u00e9lectropompe de chargement FUEL (HFO 189 cst\u00b0)<\/p><a\n                            href=\"https:\/\/ns557595.ip-139-99-122.net\/dnccp\/avis-dattribution-provisoire\/f-t-sc-avis-dattribution-provisoire\/comple\/\"\n                            class=\"eael-post-elements-readmore-btn\">T\u00e9l\u00e9chargement<\/a><\/div>\n                    <\/div><div class=\"eael-entry-footer\"><div class=\"eael-author-avatar\"><a href=\"https:\/\/ns557595.ip-139-99-122.net\/dnccp\/author\/admina\/\"><\/a><\/div><div class=\"eael-entry-meta\"><span class=\"eael-posted-by\"><a href=\"https:\/\/ns557595.ip-139-99-122.net\/dnccp\/author\/admina\/\" title=\"Articles par  \" rel=\"author\"> <\/a><\/span><span class=\"eael-posted-on\"><time datetime=\"31 juillet 2024\">31 juillet 2024<\/time><\/span><\/div><\/div><\/div><\/div>\n        <\/div>\n    <\/article><article class=\"eael-grid-post eael-post-grid-column\" data-id=\"8335\">\n        <div class=\"eael-grid-post-holder\">\n            <div class=\"eael-grid-post-holder-inner\"><div class=\"eael-entry-wrapper\"><header class=\"eael-entry-header\"><h2 class=\"eael-entry-title\"><a\n                        class=\"eael-grid-post-link\"\n                        href=\"https:\/\/ns557595.ip-139-99-122.net\/dnccp\/avis-dattribution-provisoire\/f-t-sc-avis-dattribution-provisoire\/mepsta\/\"\n                        title=\"MEPSTA\">MEPSTA<\/a><\/h2><\/header><div class=\"eael-entry-content\">\n                        <div class=\"eael-grid-post-excerpt\"><p>Avis d&rsquo;attribution provisoire de l&rsquo;Appel d&rsquo;Offres Ouvert\u00a0N\u00b0006\/MEPSTA\/CAB\/DAF\/PRMP\u00a0du 08 Novembre 2023 relatif \u00e0 l&rsquo;acquisition du mat\u00e9riel didactique (Fourniture des cahiers d&rsquo;\u00e9criture<\/p><a\n                            href=\"https:\/\/ns557595.ip-139-99-122.net\/dnccp\/avis-dattribution-provisoire\/f-t-sc-avis-dattribution-provisoire\/mepsta\/\"\n                            class=\"eael-post-elements-readmore-btn\">T\u00e9l\u00e9chargement<\/a><\/div>\n                    <\/div><div class=\"eael-entry-footer\"><div class=\"eael-author-avatar\"><a href=\"https:\/\/ns557595.ip-139-99-122.net\/dnccp\/author\/admina\/\"><\/a><\/div><div class=\"eael-entry-meta\"><span class=\"eael-posted-by\"><a href=\"https:\/\/ns557595.ip-139-99-122.net\/dnccp\/author\/admina\/\" title=\"Articles par  \" rel=\"author\"> <\/a><\/span><span class=\"eael-posted-on\"><time datetime=\"31 juillet 2024\">31 juillet 2024<\/time><\/span><\/div><\/div><\/div><\/div>\n        <\/div>\n    <\/article><\/div>\n            <div class=\"clearfix\"><\/div>\n        <\/div>\t\t<\/div>\n\t\t\t\t<\/div>\n\t\t\t\t<\/div>\n\t\t\t\t<\/div>\n\t\t\t\t<\/div>\n\t\t","protected":false},"excerpt":{"rendered":"<p>MEPSTA Avis d&rsquo;attribution provisoire de l&rsquo;Appel d&rsquo;Offres Ouvert\u00a0N\u00b0006\/MEPSTA\/CAB\/DAF\/PRMP\u00a0du 08 Novembre 2023 relatif \u00e0 l&rsquo;acquisition du mat\u00e9riel didactique (Fourniture des cahiers<\/p>\n","protected":false},"author":1,"featured_media":0,"parent":0,"menu_order":0,"comment_status":"closed","ping_status":"closed","template":"","meta":{"postBodyMargin":[],"postBodyPadding":[],"postBodyBackground":{"backgroundType":"classic","gradient":""},"footnotes":""},"folder":[],"class_list":["post-1705","page","type-page","status-publish","hentry"],"_links":{"self":[{"href":"https:\/\/ns557595.ip-139-99-122.net\/dnccp\/wp-json\/wp\/v2\/pages\/1705"}],"collection":[{"href":"https:\/\/ns557595.ip-139-99-122.net\/dnccp\/wp-json\/wp\/v2\/pages"}],"about":[{"href":"https:\/\/ns557595.ip-139-99-122.net\/dnccp\/wp-json\/wp\/v2\/types\/page"}],"author":[{"embeddable":true,"href":"https:\/\/ns557595.ip-139-99-122.net\/dnccp\/wp-json\/wp\/v2\/users\/1"}],"replies":[{"embeddable":true,"href":"https:\/\/ns557595.ip-139-99-122.net\/dnccp\/wp-json\/wp\/v2\/comments?post=1705"}],"version-history":[{"count":16,"href":"https:\/\/ns557595.ip-139-99-122.net\/dnccp\/wp-json\/wp\/v2\/pages\/1705\/revisions"}],"predecessor-version":[{"id":8339,"href":"https:\/\/ns557595.ip-139-99-122.net\/dnccp\/wp-json\/wp\/v2\/pages\/1705\/revisions\/8339"}],"wp:attachment":[{"href":"https:\/\/ns557595.ip-139-99-122.net\/dnccp\/wp-json\/wp\/v2\/media?parent=1705"}],"wp:term":[{"taxonomy":"folder","embeddable":true,"href":"https:\/\/ns557595.ip-139-99-122.net\/dnccp\/wp-json\/wp\/v2\/folder?post=1705"}],"curies":[{"name":"wp","href":"https:\/\/api.w.org\/{rel}","templated":true}]}}