{"id":7823,"date":"2024-07-31T00:31:53","date_gmt":"2024-07-31T00:31:53","guid":{"rendered":"https:\/\/ns557595.ip-139-99-122.net\/dnccp\/?page_id=7823"},"modified":"2024-08-18T14:40:21","modified_gmt":"2024-08-18T14:40:21","slug":"statistique-annuelles","status":"publish","type":"page","link":"https:\/\/ns557595.ip-139-99-122.net\/dnccp\/statistique-annuelles\/","title":{"rendered":"Statistique annuelles"},"content":{"rendered":"\t\t<div data-elementor-type=\"wp-page\" data-elementor-id=\"7823\" class=\"elementor elementor-7823\">\n\t\t\t\t<div class=\"elementor-element elementor-element-e477d99 e-flex e-con-boxed e-con e-parent\" data-id=\"e477d99\" data-element_type=\"container\">\n\t\t\t\t\t<div class=\"e-con-inner\">\n\t\t\t\t<div class=\"elementor-element elementor-element-7ea67e5 elementor-grid-eael-col-1 elementor-grid-tablet-eael-col-2 elementor-grid-mobile-eael-col-1 elementor-widget elementor-widget-eael-post-grid\" data-id=\"7ea67e5\" data-element_type=\"widget\" data-settings=\"{&quot;eael_post_grid_columns&quot;:&quot;eael-col-1&quot;,&quot;eael_post_grid_columns_tablet&quot;:&quot;eael-col-2&quot;,&quot;eael_post_grid_columns_mobile&quot;:&quot;eael-col-1&quot;}\" data-widget_type=\"eael-post-grid.default\">\n\t\t\t\t<div class=\"elementor-widget-container\">\n\t\t\t<div id=\"eael-post-grid-7ea67e5\" class=\"eael-post-grid-container\">\n            <div class=\"eael-post-grid eael-post-appender eael-post-appender-7ea67e5 eael-post-grid-style-one\" data-layout-mode=\"masonry\"><article class=\"eael-grid-post eael-post-grid-column\" data-id=\"11408\">\n        <div class=\"eael-grid-post-holder\">\n            <div class=\"eael-grid-post-holder-inner\"><div class=\"eael-entry-wrapper\"><header class=\"eael-entry-header\"><h2 class=\"eael-entry-title\"><a\n                        class=\"eael-grid-post-link\"\n                        href=\"https:\/\/ns557595.ip-139-99-122.net\/dnccp\/donnees_sur_les_marches_passes\/statistique-annuelles\/statistiques-en-valeur-2023-par-sexe\/\"\n                        title=\"Statistiques en valeur des march\u00e9s pass\u00e9s ventil\u00e9 par sexe en 2023\">Statistiques en valeur des march\u00e9s pass\u00e9s ventil\u00e9 par sexe en 2023<\/a><\/h2><\/header><div class=\"eael-entry-content\">\n                        <div class=\"eael-grid-post-excerpt\"><p>T\u00e9l\u00e9chargement<\/p><a\n                            href=\"https:\/\/ns557595.ip-139-99-122.net\/dnccp\/donnees_sur_les_marches_passes\/statistique-annuelles\/statistiques-en-valeur-2023-par-sexe\/\"\n                            class=\"eael-post-elements-readmore-btn\"><\/a><\/div>\n                    <\/div><div class=\"eael-entry-footer\"><div class=\"eael-author-avatar\"><a href=\"https:\/\/ns557595.ip-139-99-122.net\/dnccp\/author\/admins\/\"><\/a><\/div><div class=\"eael-entry-meta\"><span class=\"eael-posted-by\"><a href=\"https:\/\/ns557595.ip-139-99-122.net\/dnccp\/author\/admins\/\" title=\"Articles par  \" rel=\"author\"> <\/a><\/span><span class=\"eael-posted-on\"><time datetime=\"17 octobre 2024\">17 octobre 2024<\/time><\/span><\/div><\/div><\/div><\/div>\n        <\/div>\n    <\/article><article class=\"eael-grid-post eael-post-grid-column\" data-id=\"11406\">\n        <div class=\"eael-grid-post-holder\">\n            <div class=\"eael-grid-post-holder-inner\"><div class=\"eael-entry-wrapper\"><header class=\"eael-entry-header\"><h2 class=\"eael-entry-title\"><a\n                        class=\"eael-grid-post-link\"\n                        href=\"https:\/\/ns557595.ip-139-99-122.net\/dnccp\/donnees_sur_les_marches_passes\/statistique-annuelles\/statistiques-en-valeur-2023-type-de-passation\/\"\n                        title=\"Statistiques en valeur des march\u00e9s pass\u00e9s en 2023-type de passation\">Statistiques en valeur des march\u00e9s pass\u00e9s en 2023-type de passation<\/a><\/h2><\/header><div class=\"eael-entry-content\">\n                        <div class=\"eael-grid-post-excerpt\"><p>T\u00e9l\u00e9chargement<\/p><a\n                            href=\"https:\/\/ns557595.ip-139-99-122.net\/dnccp\/donnees_sur_les_marches_passes\/statistique-annuelles\/statistiques-en-valeur-2023-type-de-passation\/\"\n                            class=\"eael-post-elements-readmore-btn\"><\/a><\/div>\n                    <\/div><div class=\"eael-entry-footer\"><div class=\"eael-author-avatar\"><a href=\"https:\/\/ns557595.ip-139-99-122.net\/dnccp\/author\/admins\/\"><\/a><\/div><div class=\"eael-entry-meta\"><span class=\"eael-posted-by\"><a href=\"https:\/\/ns557595.ip-139-99-122.net\/dnccp\/author\/admins\/\" title=\"Articles par  \" rel=\"author\"> <\/a><\/span><span class=\"eael-posted-on\"><time datetime=\"17 octobre 2024\">17 octobre 2024<\/time><\/span><\/div><\/div><\/div><\/div>\n        <\/div>\n    <\/article><article class=\"eael-grid-post eael-post-grid-column\" data-id=\"11404\">\n        <div class=\"eael-grid-post-holder\">\n            <div class=\"eael-grid-post-holder-inner\"><div class=\"eael-entry-wrapper\"><header class=\"eael-entry-header\"><h2 class=\"eael-entry-title\"><a\n                        class=\"eael-grid-post-link\"\n                        href=\"https:\/\/ns557595.ip-139-99-122.net\/dnccp\/donnees_sur_les_marches_passes\/statistique-annuelles\/statistiques-en-valeur-2023-mode-de-passation\/\"\n                        title=\"Statistiques en valeur des march\u00e9s pass\u00e9s en 2023-mode de passation\">Statistiques en valeur des march\u00e9s pass\u00e9s en 2023-mode de passation<\/a><\/h2><\/header><div class=\"eael-entry-content\">\n                        <div class=\"eael-grid-post-excerpt\"><p>T\u00e9l\u00e9chargement<\/p><a\n                            href=\"https:\/\/ns557595.ip-139-99-122.net\/dnccp\/donnees_sur_les_marches_passes\/statistique-annuelles\/statistiques-en-valeur-2023-mode-de-passation\/\"\n                            class=\"eael-post-elements-readmore-btn\"><\/a><\/div>\n                    <\/div><div class=\"eael-entry-footer\"><div class=\"eael-author-avatar\"><a href=\"https:\/\/ns557595.ip-139-99-122.net\/dnccp\/author\/admins\/\"><\/a><\/div><div class=\"eael-entry-meta\"><span class=\"eael-posted-by\"><a href=\"https:\/\/ns557595.ip-139-99-122.net\/dnccp\/author\/admins\/\" title=\"Articles par  \" rel=\"author\"> <\/a><\/span><span class=\"eael-posted-on\"><time datetime=\"17 octobre 2024\">17 octobre 2024<\/time><\/span><\/div><\/div><\/div><\/div>\n        <\/div>\n    <\/article><article class=\"eael-grid-post eael-post-grid-column\" data-id=\"11402\">\n        <div class=\"eael-grid-post-holder\">\n            <div class=\"eael-grid-post-holder-inner\"><div class=\"eael-entry-wrapper\"><header class=\"eael-entry-header\"><h2 class=\"eael-entry-title\"><a\n                        class=\"eael-grid-post-link\"\n                        href=\"https:\/\/ns557595.ip-139-99-122.net\/dnccp\/donnees_sur_les_marches_passes\/statistique-annuelles\/statistiques-en-nombre-2023-par-sexe\/\"\n                        title=\"Statistiques en nombre des march\u00e9s pass\u00e9s ventil\u00e9 par sexe en 2023\">Statistiques en nombre des march\u00e9s pass\u00e9s ventil\u00e9 par sexe en 2023<\/a><\/h2><\/header><div class=\"eael-entry-content\">\n                        <div class=\"eael-grid-post-excerpt\"><p>T\u00e9l\u00e9chargement<\/p><a\n                            href=\"https:\/\/ns557595.ip-139-99-122.net\/dnccp\/donnees_sur_les_marches_passes\/statistique-annuelles\/statistiques-en-nombre-2023-par-sexe\/\"\n                            class=\"eael-post-elements-readmore-btn\"><\/a><\/div>\n                    <\/div><div class=\"eael-entry-footer\"><div class=\"eael-author-avatar\"><a href=\"https:\/\/ns557595.ip-139-99-122.net\/dnccp\/author\/admins\/\"><\/a><\/div><div class=\"eael-entry-meta\"><span class=\"eael-posted-by\"><a href=\"https:\/\/ns557595.ip-139-99-122.net\/dnccp\/author\/admins\/\" title=\"Articles par  \" rel=\"author\"> <\/a><\/span><span class=\"eael-posted-on\"><time datetime=\"17 octobre 2024\">17 octobre 2024<\/time><\/span><\/div><\/div><\/div><\/div>\n        <\/div>\n    <\/article><article class=\"eael-grid-post eael-post-grid-column\" data-id=\"11400\">\n        <div class=\"eael-grid-post-holder\">\n            <div class=\"eael-grid-post-holder-inner\"><div class=\"eael-entry-wrapper\"><header class=\"eael-entry-header\"><h2 class=\"eael-entry-title\"><a\n                        class=\"eael-grid-post-link\"\n                        href=\"https:\/\/ns557595.ip-139-99-122.net\/dnccp\/donnees_sur_les_marches_passes\/statistique-annuelles\/statistiques-en-nombre-2023-type-de-marche\/\"\n                        title=\"Statistiques en nombre des march\u00e9s pass\u00e9s en 2023-type de march\u00e9\">Statistiques en nombre des march\u00e9s pass\u00e9s en 2023-type de march\u00e9<\/a><\/h2><\/header><div class=\"eael-entry-content\">\n                        <div class=\"eael-grid-post-excerpt\"><p>T\u00e9l\u00e9chargement<\/p><a\n                            href=\"https:\/\/ns557595.ip-139-99-122.net\/dnccp\/donnees_sur_les_marches_passes\/statistique-annuelles\/statistiques-en-nombre-2023-type-de-marche\/\"\n                            class=\"eael-post-elements-readmore-btn\"><\/a><\/div>\n                    <\/div><div class=\"eael-entry-footer\"><div class=\"eael-author-avatar\"><a href=\"https:\/\/ns557595.ip-139-99-122.net\/dnccp\/author\/admins\/\"><\/a><\/div><div class=\"eael-entry-meta\"><span class=\"eael-posted-by\"><a href=\"https:\/\/ns557595.ip-139-99-122.net\/dnccp\/author\/admins\/\" title=\"Articles par  \" rel=\"author\"> <\/a><\/span><span class=\"eael-posted-on\"><time datetime=\"17 octobre 2024\">17 octobre 2024<\/time><\/span><\/div><\/div><\/div><\/div>\n        <\/div>\n    <\/article><article class=\"eael-grid-post eael-post-grid-column\" data-id=\"11398\">\n        <div class=\"eael-grid-post-holder\">\n            <div class=\"eael-grid-post-holder-inner\"><div class=\"eael-entry-wrapper\"><header class=\"eael-entry-header\"><h2 class=\"eael-entry-title\"><a\n                        class=\"eael-grid-post-link\"\n                        href=\"https:\/\/ns557595.ip-139-99-122.net\/dnccp\/donnees_sur_les_marches_passes\/statistique-annuelles\/statistiques-en-nombre-2023-mode-de-passation\/\"\n                        title=\"Statistiques en nombre des march\u00e9s pass\u00e9s en 2023- mode de passation\">Statistiques en nombre des march\u00e9s pass\u00e9s en 2023- mode de passation<\/a><\/h2><\/header><div class=\"eael-entry-content\">\n                        <div class=\"eael-grid-post-excerpt\"><p>T\u00e9l\u00e9chargement<\/p><a\n                            href=\"https:\/\/ns557595.ip-139-99-122.net\/dnccp\/donnees_sur_les_marches_passes\/statistique-annuelles\/statistiques-en-nombre-2023-mode-de-passation\/\"\n                            class=\"eael-post-elements-readmore-btn\"><\/a><\/div>\n                    <\/div><div class=\"eael-entry-footer\"><div class=\"eael-author-avatar\"><a href=\"https:\/\/ns557595.ip-139-99-122.net\/dnccp\/author\/admins\/\"><\/a><\/div><div class=\"eael-entry-meta\"><span class=\"eael-posted-by\"><a href=\"https:\/\/ns557595.ip-139-99-122.net\/dnccp\/author\/admins\/\" title=\"Articles par  \" rel=\"author\"> <\/a><\/span><span class=\"eael-posted-on\"><time datetime=\"17 octobre 2024\">17 octobre 2024<\/time><\/span><\/div><\/div><\/div><\/div>\n        <\/div>\n    <\/article><article class=\"eael-grid-post eael-post-grid-column\" data-id=\"11396\">\n        <div class=\"eael-grid-post-holder\">\n            <div class=\"eael-grid-post-holder-inner\"><div class=\"eael-entry-wrapper\"><header class=\"eael-entry-header\"><h2 class=\"eael-entry-title\"><a\n                        class=\"eael-grid-post-link\"\n                        href=\"https:\/\/ns557595.ip-139-99-122.net\/dnccp\/donnees_sur_les_marches_passes\/statistique-annuelles\/statistiques-en-valeur-2022-par-sexe\/\"\n                        title=\"Statistiques en valeur des march\u00e9s pass\u00e9s ventil\u00e9 par sexe 2022\">Statistiques en valeur des march\u00e9s pass\u00e9s ventil\u00e9 par sexe 2022<\/a><\/h2><\/header><div class=\"eael-entry-content\">\n                        <div class=\"eael-grid-post-excerpt\"><p>T\u00e9l\u00e9chargement<\/p><a\n                            href=\"https:\/\/ns557595.ip-139-99-122.net\/dnccp\/donnees_sur_les_marches_passes\/statistique-annuelles\/statistiques-en-valeur-2022-par-sexe\/\"\n                            class=\"eael-post-elements-readmore-btn\"><\/a><\/div>\n                    <\/div><div class=\"eael-entry-footer\"><div class=\"eael-author-avatar\"><a href=\"https:\/\/ns557595.ip-139-99-122.net\/dnccp\/author\/admins\/\"><\/a><\/div><div class=\"eael-entry-meta\"><span class=\"eael-posted-by\"><a href=\"https:\/\/ns557595.ip-139-99-122.net\/dnccp\/author\/admins\/\" title=\"Articles par  \" rel=\"author\"> <\/a><\/span><span class=\"eael-posted-on\"><time datetime=\"17 octobre 2024\">17 octobre 2024<\/time><\/span><\/div><\/div><\/div><\/div>\n        <\/div>\n    <\/article><article class=\"eael-grid-post eael-post-grid-column\" data-id=\"11394\">\n        <div class=\"eael-grid-post-holder\">\n            <div class=\"eael-grid-post-holder-inner\"><div class=\"eael-entry-wrapper\"><header class=\"eael-entry-header\"><h2 class=\"eael-entry-title\"><a\n                        class=\"eael-grid-post-link\"\n                        href=\"https:\/\/ns557595.ip-139-99-122.net\/dnccp\/donnees_sur_les_marches_passes\/statistique-annuelles\/statistiques-en-valeur-2022-type-de-marche\/\"\n                        title=\"Statistiques en valeur des march\u00e9s pass\u00e9s en 2022- type de march\u00e9\">Statistiques en valeur des march\u00e9s pass\u00e9s en 2022- type de march\u00e9<\/a><\/h2><\/header><div class=\"eael-entry-content\">\n                        <div class=\"eael-grid-post-excerpt\"><p>T\u00e9l\u00e9chargement<\/p><a\n                            href=\"https:\/\/ns557595.ip-139-99-122.net\/dnccp\/donnees_sur_les_marches_passes\/statistique-annuelles\/statistiques-en-valeur-2022-type-de-marche\/\"\n                            class=\"eael-post-elements-readmore-btn\"><\/a><\/div>\n                    <\/div><div class=\"eael-entry-footer\"><div class=\"eael-author-avatar\"><a href=\"https:\/\/ns557595.ip-139-99-122.net\/dnccp\/author\/admins\/\"><\/a><\/div><div class=\"eael-entry-meta\"><span class=\"eael-posted-by\"><a href=\"https:\/\/ns557595.ip-139-99-122.net\/dnccp\/author\/admins\/\" title=\"Articles par  \" rel=\"author\"> <\/a><\/span><span class=\"eael-posted-on\"><time datetime=\"17 octobre 2024\">17 octobre 2024<\/time><\/span><\/div><\/div><\/div><\/div>\n        <\/div>\n    <\/article><article class=\"eael-grid-post eael-post-grid-column\" data-id=\"11392\">\n        <div class=\"eael-grid-post-holder\">\n            <div class=\"eael-grid-post-holder-inner\"><div class=\"eael-entry-wrapper\"><header class=\"eael-entry-header\"><h2 class=\"eael-entry-title\"><a\n                        class=\"eael-grid-post-link\"\n                        href=\"https:\/\/ns557595.ip-139-99-122.net\/dnccp\/donnees_sur_les_marches_passes\/statistique-annuelles\/statistiques-en-valeur-2022-mode-de-passation\/\"\n                        title=\"Statistiques en valeur des march\u00e9s pass\u00e9s en 2022- mode de passation\">Statistiques en valeur des march\u00e9s pass\u00e9s en 2022- mode de passation<\/a><\/h2><\/header><div class=\"eael-entry-content\">\n                        <div class=\"eael-grid-post-excerpt\"><p>T\u00e9l\u00e9chargement<\/p><a\n                            href=\"https:\/\/ns557595.ip-139-99-122.net\/dnccp\/donnees_sur_les_marches_passes\/statistique-annuelles\/statistiques-en-valeur-2022-mode-de-passation\/\"\n                            class=\"eael-post-elements-readmore-btn\"><\/a><\/div>\n                    <\/div><div class=\"eael-entry-footer\"><div class=\"eael-author-avatar\"><a href=\"https:\/\/ns557595.ip-139-99-122.net\/dnccp\/author\/admins\/\"><\/a><\/div><div class=\"eael-entry-meta\"><span class=\"eael-posted-by\"><a href=\"https:\/\/ns557595.ip-139-99-122.net\/dnccp\/author\/admins\/\" title=\"Articles par  \" rel=\"author\"> <\/a><\/span><span class=\"eael-posted-on\"><time datetime=\"17 octobre 2024\">17 octobre 2024<\/time><\/span><\/div><\/div><\/div><\/div>\n        <\/div>\n    <\/article><\/div>\n            <div class=\"clearfix\"><\/div>\n        <\/div>            <div class=\"eael-load-more-button-wrap\">\n                <button class=\"eael-load-more-button\" id=\"eael-load-more-btn-7ea67e5\" data-widget-id=\"7ea67e5\" data-widget=\"7ea67e5\" data-page-id=\"7823\" data-template=\"{&quot;dir&quot;:&quot;lite&quot;,&quot;file_name&quot;:&quot;default.php&quot;,&quot;name&quot;:&quot;Post-Grid&quot;}\" data-class=\"Essential_Addons_Elementor\\Elements\\Post_Grid\" data-layout=\"masonry\" data-page=\"1\" data-args=\"orderby=date&amp;order=desc&amp;ignore_sticky_posts=1&amp;post_status=publish&amp;posts_per_page=9&amp;offset=0&amp;post_type=post&amp;tax_query%5B0%5D%5Btaxonomy%5D=category&amp;tax_query%5B0%5D%5Bfield%5D=term_id&amp;tax_query%5B0%5D%5Bterms%5D%5B0%5D=165&amp;tax_query%5Brelation%5D=AND\" data-max-page=\"5\">\n                    <span class=\"eael-btn-loader button__loader\"><\/span>\n                    <span class=\"eael_load_more_text\">Voir plus<\/span>\n                <\/button>\n            <\/div>\n            \t\t<\/div>\n\t\t\t\t<\/div>\n\t\t\t\t\t<\/div>\n\t\t\t\t<\/div>\n\t\t\t\t<\/div>\n\t\t","protected":false},"excerpt":{"rendered":"<p>Statistiques en nombre des march\u00e9s pass\u00e9s 2022-mode de passation T\u00e9l\u00e9chargement 18 ao\u00fbt 2024 Statistiques en nombre des march\u00e9s pass\u00e9s en<\/p>\n","protected":false},"author":1,"featured_media":0,"parent":0,"menu_order":0,"comment_status":"closed","ping_status":"closed","template":"","meta":{"postBodyMargin":[],"postBodyPadding":[],"postBodyBackground":{"backgroundType":"classic","gradient":""},"footnotes":""},"folder":[],"class_list":["post-7823","page","type-page","status-publish","hentry"],"_links":{"self":[{"href":"https:\/\/ns557595.ip-139-99-122.net\/dnccp\/wp-json\/wp\/v2\/pages\/7823"}],"collection":[{"href":"https:\/\/ns557595.ip-139-99-122.net\/dnccp\/wp-json\/wp\/v2\/pages"}],"about":[{"href":"https:\/\/ns557595.ip-139-99-122.net\/dnccp\/wp-json\/wp\/v2\/types\/page"}],"author":[{"embeddable":true,"href":"https:\/\/ns557595.ip-139-99-122.net\/dnccp\/wp-json\/wp\/v2\/users\/1"}],"replies":[{"embeddable":true,"href":"https:\/\/ns557595.ip-139-99-122.net\/dnccp\/wp-json\/wp\/v2\/comments?post=7823"}],"version-history":[{"count":23,"href":"https:\/\/ns557595.ip-139-99-122.net\/dnccp\/wp-json\/wp\/v2\/pages\/7823\/revisions"}],"predecessor-version":[{"id":8881,"href":"https:\/\/ns557595.ip-139-99-122.net\/dnccp\/wp-json\/wp\/v2\/pages\/7823\/revisions\/8881"}],"wp:attachment":[{"href":"https:\/\/ns557595.ip-139-99-122.net\/dnccp\/wp-json\/wp\/v2\/media?parent=7823"}],"wp:term":[{"taxonomy":"folder","embeddable":true,"href":"https:\/\/ns557595.ip-139-99-122.net\/dnccp\/wp-json\/wp\/v2\/folder?post=7823"}],"curies":[{"name":"wp","href":"https:\/\/api.w.org\/{rel}","templated":true}]}}