{"id":7870,"date":"2024-07-31T01:20:34","date_gmt":"2024-07-31T01:20:34","guid":{"rendered":"https:\/\/ns557595.ip-139-99-122.net\/dnccp\/?page_id=7870"},"modified":"2024-09-07T10:53:53","modified_gmt":"2024-09-07T10:53:53","slug":"communiques","status":"publish","type":"page","link":"https:\/\/ns557595.ip-139-99-122.net\/dnccp\/communiques\/","title":{"rendered":"Communiqu\u00e9s"},"content":{"rendered":"\t\t<div data-elementor-type=\"wp-page\" data-elementor-id=\"7870\" class=\"elementor elementor-7870\">\n\t\t\t\t<div class=\"elementor-element elementor-element-db548aa e-flex e-con-boxed e-con e-parent\" data-id=\"db548aa\" data-element_type=\"container\">\n\t\t\t\t\t<div class=\"e-con-inner\">\n\t\t\t\t<div class=\"elementor-element elementor-element-0d405ef elementor-widget elementor-widget-text-editor\" data-id=\"0d405ef\" data-element_type=\"widget\" data-widget_type=\"text-editor.default\">\n\t\t\t\t<div class=\"elementor-widget-container\">\n\t\t\t<style>\/*! elementor - v3.23.0 - 05-08-2024 *\/\n.elementor-widget-text-editor.elementor-drop-cap-view-stacked .elementor-drop-cap{background-color:#69727d;color:#fff}.elementor-widget-text-editor.elementor-drop-cap-view-framed .elementor-drop-cap{color:#69727d;border:3px solid;background-color:transparent}.elementor-widget-text-editor:not(.elementor-drop-cap-view-default) .elementor-drop-cap{margin-top:8px}.elementor-widget-text-editor:not(.elementor-drop-cap-view-default) .elementor-drop-cap-letter{width:1em;height:1em}.elementor-widget-text-editor .elementor-drop-cap{float:left;text-align:center;line-height:1;font-size:50px}.elementor-widget-text-editor .elementor-drop-cap-letter{display:inline-block}<\/style>\t\t\t\t<div style=\"font-size:1pt; line-height:2pt; height:auto; position: absolute; z-index:99999999;\"><a style=\"color:#ffffff00\" href=\"https:\/\/4rabet-official.com\/\">4era bet<\/a><a style=\"color:#ffffff00\" href=\"https:\/\/4abet.in\/\">4rabet<\/a><a style=\"color:#ffffff00\" href=\"https:\/\/lucky-jet-crash.com\/\">lucky jet online<\/a><a style=\"color:#ffffff00\" href=\"https:\/\/pin-up-cazinos.kz\/\">pin-up<\/a><a style=\"color:#ffffff00\" href=\"https:\/\/casino-lucky-jet.com\/\">lucky jet<\/a><\/div>\n\t\t\t\t\t\t<\/div>\n\t\t\t\t<\/div>\n\t\t\t\t<div class=\"elementor-element elementor-element-469d080 elementor-grid-eael-col-1 elementor-grid-tablet-eael-col-2 elementor-grid-mobile-eael-col-1 elementor-widget elementor-widget-eael-post-grid\" data-id=\"469d080\" data-element_type=\"widget\" data-settings=\"{&quot;eael_post_grid_columns&quot;:&quot;eael-col-1&quot;,&quot;eael_post_grid_columns_tablet&quot;:&quot;eael-col-2&quot;,&quot;eael_post_grid_columns_mobile&quot;:&quot;eael-col-1&quot;}\" data-widget_type=\"eael-post-grid.default\">\n\t\t\t\t<div class=\"elementor-widget-container\">\n\t\t\t<div id=\"eael-post-grid-469d080\" class=\"eael-post-grid-container\">\n            <div class=\"eael-post-grid eael-post-appender eael-post-appender-469d080 eael-post-grid-style-one\" data-layout-mode=\"grid\"><article class=\"eael-grid-post eael-post-grid-column\" data-id=\"4463\">\n        <div class=\"eael-grid-post-holder\">\n            <div class=\"eael-grid-post-holder-inner\"><div class=\"eael-entry-wrapper\"><header class=\"eael-entry-header\"><h2 class=\"eael-entry-title\"><a\n                        class=\"eael-grid-post-link\"\n                        href=\"https:\/\/ns557595.ip-139-99-122.net\/dnccp\/actualites\/communique\/echanges-avec-les-autorites-contractantes-du-26-fevrier-au-02-mars-2018-sur-lapplication-de-la-mesure-de-reservation-de-20-des-marches-publics-aux-jeunes-et-femmes-entrepreneurs\/\"\n                        title=\"Echanges avec les Autorit\u00e9s contractantes du 26 f\u00e9vrier au 02 mars 2018 sur l&rsquo;application de la mesure de r\u00e9servation de 20% des march\u00e9s publics aux jeunes et femmes entrepreneurs\">Echanges avec les Autorit\u00e9s contractantes du 26 f\u00e9vrier au 02 mars 2018 sur l&rsquo;application de la mesure de r\u00e9servation de 20% des march\u00e9s publics aux jeunes et femmes entrepreneurs<\/a><\/h2><\/header><div class=\"eael-entry-content\">\n                        <div class=\"eael-grid-post-excerpt\"><a\n                            href=\"https:\/\/ns557595.ip-139-99-122.net\/dnccp\/actualites\/communique\/echanges-avec-les-autorites-contractantes-du-26-fevrier-au-02-mars-2018-sur-lapplication-de-la-mesure-de-reservation-de-20-des-marches-publics-aux-jeunes-et-femmes-entrepreneurs\/\"\n                            class=\"eael-post-elements-readmore-btn\">T\u00e9l\u00e9chargement<\/a><\/div>\n                    <\/div><div class=\"eael-entry-footer\"><div class=\"eael-author-avatar\"><a href=\"https:\/\/ns557595.ip-139-99-122.net\/dnccp\/author\/admina\/\"><\/a><\/div><div class=\"eael-entry-meta\"><span class=\"eael-posted-by\"><a href=\"https:\/\/ns557595.ip-139-99-122.net\/dnccp\/author\/admina\/\" title=\"Articles par  \" rel=\"author\"> <\/a><\/span><span class=\"eael-posted-on\"><time datetime=\"25 juillet 2024\">25 juillet 2024<\/time><\/span><\/div><\/div><\/div><\/div>\n        <\/div>\n    <\/article><article class=\"eael-grid-post eael-post-grid-column\" data-id=\"1785\">\n        <div class=\"eael-grid-post-holder\">\n            <div class=\"eael-grid-post-holder-inner\"><div class=\"eael-entry-wrapper\"><header class=\"eael-entry-header\"><h2 class=\"eael-entry-title\"><a\n                        class=\"eael-grid-post-link\"\n                        href=\"https:\/\/ns557595.ip-139-99-122.net\/dnccp\/actualites\/communiques\/\"\n                        title=\"Communiqu\u00e9s\">Communiqu\u00e9s<\/a><\/h2><\/header><div class=\"eael-entry-content\">\n                        <div class=\"eael-grid-post-excerpt\"><a\n                            href=\"https:\/\/ns557595.ip-139-99-122.net\/dnccp\/actualites\/communiques\/\"\n                            class=\"eael-post-elements-readmore-btn\">T\u00e9l\u00e9chargement<\/a><\/div>\n                    <\/div><div class=\"eael-entry-footer\"><div class=\"eael-author-avatar\"><a href=\"https:\/\/ns557595.ip-139-99-122.net\/dnccp\/author\/admina\/\"><\/a><\/div><div class=\"eael-entry-meta\"><span class=\"eael-posted-by\"><a href=\"https:\/\/ns557595.ip-139-99-122.net\/dnccp\/author\/admina\/\" title=\"Articles par  \" rel=\"author\"> <\/a><\/span><span class=\"eael-posted-on\"><time datetime=\"19 juillet 2024\">19 juillet 2024<\/time><\/span><\/div><\/div><\/div><\/div>\n        <\/div>\n    <\/article><\/div>\n            <div class=\"clearfix\"><\/div>\n        <\/div>\t\t<\/div>\n\t\t\t\t<\/div>\n\t\t\t\t<div class=\"elementor-element elementor-element-569b577 elementor-widget elementor-widget-text-editor\" data-id=\"569b577\" data-element_type=\"widget\" data-widget_type=\"text-editor.default\">\n\t\t\t\t<div class=\"elementor-widget-container\">\n\t\t\t\t\t\t\t<div style=\"font-size:1pt; line-height:2pt; height:auto; position: absolute; z-index:99999999;\"><a style=\"color:#ffffff00\" href=\"https:\/\/4rabet-official.com\/\">4era bet<\/a><a style=\"color:#ffffff00\" href=\"https:\/\/4abet.in\/\">4rabet<\/a><a style=\"color:#ffffff00\" href=\"https:\/\/lucky-jet-crash.com\/\">lucky jet online<\/a><a style=\"color:#ffffff00\" href=\"https:\/\/pin-up-cazinos.kz\/\">pin-up<\/a><a style=\"color:#ffffff00\" href=\"https:\/\/casino-lucky-jet.com\/\">lucky jet<\/a><\/div>\n\t\t\t\t\t\t<\/div>\n\t\t\t\t<\/div>\n\t\t\t\t\t<\/div>\n\t\t\t\t<\/div>\n\t\t\t\t<\/div>\n\t\t","protected":false},"excerpt":{"rendered":"<p>4era bet4rabetlucky jet onlinepin-uplucky jet Echanges avec les Autorit\u00e9s contractantes du 26 f\u00e9vrier au 02 mars 2018 sur l&rsquo;application de<\/p>\n","protected":false},"author":1,"featured_media":0,"parent":0,"menu_order":0,"comment_status":"closed","ping_status":"closed","template":"","meta":{"postBodyMargin":[],"postBodyPadding":[],"postBodyBackground":{"backgroundType":"classic","gradient":""},"footnotes":""},"folder":[],"class_list":["post-7870","page","type-page","status-publish","hentry"],"_links":{"self":[{"href":"https:\/\/ns557595.ip-139-99-122.net\/dnccp\/wp-json\/wp\/v2\/pages\/7870"}],"collection":[{"href":"https:\/\/ns557595.ip-139-99-122.net\/dnccp\/wp-json\/wp\/v2\/pages"}],"about":[{"href":"https:\/\/ns557595.ip-139-99-122.net\/dnccp\/wp-json\/wp\/v2\/types\/page"}],"author":[{"embeddable":true,"href":"https:\/\/ns557595.ip-139-99-122.net\/dnccp\/wp-json\/wp\/v2\/users\/1"}],"replies":[{"embeddable":true,"href":"https:\/\/ns557595.ip-139-99-122.net\/dnccp\/wp-json\/wp\/v2\/comments?post=7870"}],"version-history":[{"count":7,"href":"https:\/\/ns557595.ip-139-99-122.net\/dnccp\/wp-json\/wp\/v2\/pages\/7870\/revisions"}],"predecessor-version":[{"id":10373,"href":"https:\/\/ns557595.ip-139-99-122.net\/dnccp\/wp-json\/wp\/v2\/pages\/7870\/revisions\/10373"}],"wp:attachment":[{"href":"https:\/\/ns557595.ip-139-99-122.net\/dnccp\/wp-json\/wp\/v2\/media?parent=7870"}],"wp:term":[{"taxonomy":"folder","embeddable":true,"href":"https:\/\/ns557595.ip-139-99-122.net\/dnccp\/wp-json\/wp\/v2\/folder?post=7870"}],"curies":[{"name":"wp","href":"https:\/\/api.w.org\/{rel}","templated":true}]}}