{"id":8360,"date":"2024-07-31T22:51:22","date_gmt":"2024-07-31T22:51:22","guid":{"rendered":"https:\/\/ns557595.ip-139-99-122.net\/dnccp\/?page_id=8360"},"modified":"2024-08-02T09:49:09","modified_gmt":"2024-08-02T09:49:09","slug":"nouveaux-seuils","status":"publish","type":"page","link":"https:\/\/ns557595.ip-139-99-122.net\/dnccp\/nouveaux-seuils\/","title":{"rendered":"Nouveaux seuils"},"content":{"rendered":"\t\t<div data-elementor-type=\"wp-page\" data-elementor-id=\"8360\" class=\"elementor elementor-8360\">\n\t\t\t\t<div class=\"elementor-element elementor-element-f2f71d6 e-flex e-con-boxed e-con e-parent\" data-id=\"f2f71d6\" data-element_type=\"container\">\n\t\t\t\t\t<div class=\"e-con-inner\">\n\t\t\t\t<div class=\"elementor-element elementor-element-75ad2a1 elementor-grid-eael-col-1 elementor-grid-tablet-eael-col-2 elementor-grid-mobile-eael-col-1 elementor-widget elementor-widget-eael-post-grid\" data-id=\"75ad2a1\" data-element_type=\"widget\" data-settings=\"{&quot;eael_post_grid_columns&quot;:&quot;eael-col-1&quot;,&quot;eael_post_grid_columns_tablet&quot;:&quot;eael-col-2&quot;,&quot;eael_post_grid_columns_mobile&quot;:&quot;eael-col-1&quot;}\" data-widget_type=\"eael-post-grid.default\">\n\t\t\t\t<div class=\"elementor-widget-container\">\n\t\t\t<div id=\"eael-post-grid-75ad2a1\" class=\"eael-post-grid-container\">\n            <div class=\"eael-post-grid eael-post-appender eael-post-appender-75ad2a1 eael-post-grid-style-one\" data-layout-mode=\"grid\"><article class=\"eael-grid-post eael-post-grid-column\" data-id=\"8358\">\n        <div class=\"eael-grid-post-holder\">\n            <div class=\"eael-grid-post-holder-inner\"><div class=\"eael-entry-wrapper\"><header class=\"eael-entry-header\"><h2 class=\"eael-entry-title\"><a\n                        class=\"eael-grid-post-link\"\n                        href=\"https:\/\/ns557595.ip-139-99-122.net\/dnccp\/documentation\/nouveaux-seuils\/decret-n-2018-171-pr-portant-adoption-des-seuils-de-passation-de-publication-de-controleet-dapprobation-des-marches-publics-et-des-procedures-de-sollicitation-de-prix\/\"\n                        title=\"\u00a0D\u00e9cret n\u00b0 2018-171\/PR portant adoption des seuils de passation, de publication, de contr\u00f4leet d&rsquo;approbation des march\u00e9s publics et des proc\u00e9dures de sollicitation de prix\u00a0\">\u00a0D\u00e9cret n\u00b0 2018-171\/PR portant adoption des seuils de passation, de publication, de contr\u00f4leet d&rsquo;approbation des march\u00e9s publics et des proc\u00e9dures de sollicitation de prix\u00a0<\/a><\/h2><\/header><div class=\"eael-entry-content\">\n                        <div class=\"eael-grid-post-excerpt\"><p>T\u00e9l\u00e9chargement<\/p><\/div>\n                    <\/div><div class=\"eael-entry-footer\"><div class=\"eael-author-avatar\"><a href=\"https:\/\/ns557595.ip-139-99-122.net\/dnccp\/author\/admina\/\"><\/a><\/div><div class=\"eael-entry-meta\"><span class=\"eael-posted-by\"><a href=\"https:\/\/ns557595.ip-139-99-122.net\/dnccp\/author\/admina\/\" title=\"Articles par  \" rel=\"author\"> <\/a><\/span><span class=\"eael-posted-on\"><time datetime=\"31 juillet 2024\">31 juillet 2024<\/time><\/span><\/div><\/div><\/div><\/div>\n        <\/div>\n    <\/article><\/div>\n            <div class=\"clearfix\"><\/div>\n        <\/div>\t\t<\/div>\n\t\t\t\t<\/div>\n\t\t\t\t\t<\/div>\n\t\t\t\t<\/div>\n\t\t\t\t<\/div>\n\t\t","protected":false},"excerpt":{"rendered":"<p>\u00a0D\u00e9cret n\u00b0 2018-171\/PR portant adoption des seuils de passation, de publication, de contr\u00f4leet d&rsquo;approbation des march\u00e9s publics et des proc\u00e9dures<\/p>\n","protected":false},"author":1,"featured_media":0,"parent":0,"menu_order":0,"comment_status":"closed","ping_status":"closed","template":"","meta":{"postBodyMargin":[],"postBodyPadding":[],"postBodyBackground":{"backgroundType":"classic","gradient":""},"footnotes":""},"folder":[],"class_list":["post-8360","page","type-page","status-publish","hentry"],"_links":{"self":[{"href":"https:\/\/ns557595.ip-139-99-122.net\/dnccp\/wp-json\/wp\/v2\/pages\/8360"}],"collection":[{"href":"https:\/\/ns557595.ip-139-99-122.net\/dnccp\/wp-json\/wp\/v2\/pages"}],"about":[{"href":"https:\/\/ns557595.ip-139-99-122.net\/dnccp\/wp-json\/wp\/v2\/types\/page"}],"author":[{"embeddable":true,"href":"https:\/\/ns557595.ip-139-99-122.net\/dnccp\/wp-json\/wp\/v2\/users\/1"}],"replies":[{"embeddable":true,"href":"https:\/\/ns557595.ip-139-99-122.net\/dnccp\/wp-json\/wp\/v2\/comments?post=8360"}],"version-history":[{"count":8,"href":"https:\/\/ns557595.ip-139-99-122.net\/dnccp\/wp-json\/wp\/v2\/pages\/8360\/revisions"}],"predecessor-version":[{"id":8675,"href":"https:\/\/ns557595.ip-139-99-122.net\/dnccp\/wp-json\/wp\/v2\/pages\/8360\/revisions\/8675"}],"wp:attachment":[{"href":"https:\/\/ns557595.ip-139-99-122.net\/dnccp\/wp-json\/wp\/v2\/media?parent=8360"}],"wp:term":[{"taxonomy":"folder","embeddable":true,"href":"https:\/\/ns557595.ip-139-99-122.net\/dnccp\/wp-json\/wp\/v2\/folder?post=8360"}],"curies":[{"name":"wp","href":"https:\/\/api.w.org\/{rel}","templated":true}]}}