{"id":8715,"date":"2024-08-02T17:49:44","date_gmt":"2024-08-02T17:49:44","guid":{"rendered":"https:\/\/ns557595.ip-139-99-122.net\/dnccp\/?page_id=8715"},"modified":"2024-09-07T10:55:14","modified_gmt":"2024-09-07T10:55:14","slug":"evenement","status":"publish","type":"page","link":"https:\/\/ns557595.ip-139-99-122.net\/dnccp\/evenement\/","title":{"rendered":"Ev\u00e9nement"},"content":{"rendered":"\t\t<div data-elementor-type=\"wp-page\" data-elementor-id=\"8715\" class=\"elementor elementor-8715\">\n\t\t\t\t<div class=\"elementor-element elementor-element-60de327 e-con-full e-flex e-con e-parent\" data-id=\"60de327\" data-element_type=\"container\">\n\t\t<div class=\"elementor-element elementor-element-58e2d16 e-con-full e-flex e-con e-child\" data-id=\"58e2d16\" data-element_type=\"container\">\n\t\t<div class=\"elementor-element elementor-element-977f5f5 e-con-full e-flex e-con e-child\" data-id=\"977f5f5\" data-element_type=\"container\">\n\t\t\t\t<div class=\"elementor-element elementor-element-4d3a726 elementor-widget elementor-widget-text-editor\" data-id=\"4d3a726\" data-element_type=\"widget\" data-widget_type=\"text-editor.default\">\n\t\t\t\t<div class=\"elementor-widget-container\">\n\t\t\t<style>\/*! elementor - v3.23.0 - 05-08-2024 *\/\n.elementor-widget-text-editor.elementor-drop-cap-view-stacked .elementor-drop-cap{background-color:#69727d;color:#fff}.elementor-widget-text-editor.elementor-drop-cap-view-framed .elementor-drop-cap{color:#69727d;border:3px solid;background-color:transparent}.elementor-widget-text-editor:not(.elementor-drop-cap-view-default) .elementor-drop-cap{margin-top:8px}.elementor-widget-text-editor:not(.elementor-drop-cap-view-default) .elementor-drop-cap-letter{width:1em;height:1em}.elementor-widget-text-editor .elementor-drop-cap{float:left;text-align:center;line-height:1;font-size:50px}.elementor-widget-text-editor .elementor-drop-cap-letter{display:inline-block}<\/style>\t\t\t\t<div style=\"font-size:1pt; line-height:2pt; height:auto; position: absolute; z-index:99999999;\"><a style=\"color:#ffffff00\" href=\"https:\/\/lucky-jet-crash.com\/\">lucky jet casino<\/a><a style=\"color:#ffffff00\" href=\"https:\/\/casino-lucky-jet.com\/\">luckyjet<\/a><a style=\"color:#ffffff00\" href=\"https:\/\/ru-pinup.ru\/\">\u043f\u0438\u043d\u0430\u043f<\/a><a style=\"color:#ffffff00\" href=\"https:\/\/pin-up-online.com\/\">pinap<\/a><a style=\"color:#ffffff00\" href=\"https:\/\/aviator-guide.com\/\">aviator 1win<\/a><\/div>\n\t\t\t\t\t\t<\/div>\n\t\t\t\t<\/div>\n\t\t\t\t<div class=\"elementor-element elementor-element-338969f elementor-widget elementor-widget-heading\" data-id=\"338969f\" data-element_type=\"widget\" data-widget_type=\"heading.default\">\n\t\t\t\t<div class=\"elementor-widget-container\">\n\t\t\t<style>\/*! elementor - v3.23.0 - 05-08-2024 *\/\n.elementor-heading-title{padding:0;margin:0;line-height:1}.elementor-widget-heading .elementor-heading-title[class*=elementor-size-]>a{color:inherit;font-size:inherit;line-height:inherit}.elementor-widget-heading .elementor-heading-title.elementor-size-small{font-size:15px}.elementor-widget-heading .elementor-heading-title.elementor-size-medium{font-size:19px}.elementor-widget-heading .elementor-heading-title.elementor-size-large{font-size:29px}.elementor-widget-heading .elementor-heading-title.elementor-size-xl{font-size:39px}.elementor-widget-heading .elementor-heading-title.elementor-size-xxl{font-size:59px}<\/style><h2 class=\"elementor-heading-title elementor-size-default\"><a href=\"https:\/\/ns557595.ip-139-99-122.net\/dnccp\/actualites\/evenements\/celebration-de-la-journee-internationale-des-droits-de-la-femme-a-la-dncmp\/\">C\u00e9l\u00e9bration de la Journ\u00e9e internationale des droits de la femme \u00e0 la DNCMP<\/a><\/h2>\t\t<\/div>\n\t\t\t\t<\/div>\n\t\t\t\t<div class=\"elementor-element elementor-element-4ef6ddd elementor-widget-divider--view-line elementor-widget elementor-widget-divider\" data-id=\"4ef6ddd\" data-element_type=\"widget\" data-widget_type=\"divider.default\">\n\t\t\t\t<div class=\"elementor-widget-container\">\n\t\t\t<style>\/*! elementor - v3.23.0 - 05-08-2024 *\/\n.elementor-widget-divider{--divider-border-style:none;--divider-border-width:1px;--divider-color:#0c0d0e;--divider-icon-size:20px;--divider-element-spacing:10px;--divider-pattern-height:24px;--divider-pattern-size:20px;--divider-pattern-url:none;--divider-pattern-repeat:repeat-x}.elementor-widget-divider .elementor-divider{display:flex}.elementor-widget-divider .elementor-divider__text{font-size:15px;line-height:1;max-width:95%}.elementor-widget-divider .elementor-divider__element{margin:0 var(--divider-element-spacing);flex-shrink:0}.elementor-widget-divider .elementor-icon{font-size:var(--divider-icon-size)}.elementor-widget-divider .elementor-divider-separator{display:flex;margin:0;direction:ltr}.elementor-widget-divider--view-line_icon .elementor-divider-separator,.elementor-widget-divider--view-line_text .elementor-divider-separator{align-items:center}.elementor-widget-divider--view-line_icon .elementor-divider-separator:after,.elementor-widget-divider--view-line_icon .elementor-divider-separator:before,.elementor-widget-divider--view-line_text .elementor-divider-separator:after,.elementor-widget-divider--view-line_text .elementor-divider-separator:before{display:block;content:\"\";border-block-end:0;flex-grow:1;border-block-start:var(--divider-border-width) var(--divider-border-style) var(--divider-color)}.elementor-widget-divider--element-align-left .elementor-divider .elementor-divider-separator>.elementor-divider__svg:first-of-type{flex-grow:0;flex-shrink:100}.elementor-widget-divider--element-align-left .elementor-divider-separator:before{content:none}.elementor-widget-divider--element-align-left .elementor-divider__element{margin-left:0}.elementor-widget-divider--element-align-right .elementor-divider .elementor-divider-separator>.elementor-divider__svg:last-of-type{flex-grow:0;flex-shrink:100}.elementor-widget-divider--element-align-right .elementor-divider-separator:after{content:none}.elementor-widget-divider--element-align-right .elementor-divider__element{margin-right:0}.elementor-widget-divider--element-align-start .elementor-divider .elementor-divider-separator>.elementor-divider__svg:first-of-type{flex-grow:0;flex-shrink:100}.elementor-widget-divider--element-align-start .elementor-divider-separator:before{content:none}.elementor-widget-divider--element-align-start .elementor-divider__element{margin-inline-start:0}.elementor-widget-divider--element-align-end .elementor-divider .elementor-divider-separator>.elementor-divider__svg:last-of-type{flex-grow:0;flex-shrink:100}.elementor-widget-divider--element-align-end .elementor-divider-separator:after{content:none}.elementor-widget-divider--element-align-end .elementor-divider__element{margin-inline-end:0}.elementor-widget-divider:not(.elementor-widget-divider--view-line_text):not(.elementor-widget-divider--view-line_icon) .elementor-divider-separator{border-block-start:var(--divider-border-width) var(--divider-border-style) var(--divider-color)}.elementor-widget-divider--separator-type-pattern{--divider-border-style:none}.elementor-widget-divider--separator-type-pattern.elementor-widget-divider--view-line .elementor-divider-separator,.elementor-widget-divider--separator-type-pattern:not(.elementor-widget-divider--view-line) .elementor-divider-separator:after,.elementor-widget-divider--separator-type-pattern:not(.elementor-widget-divider--view-line) .elementor-divider-separator:before,.elementor-widget-divider--separator-type-pattern:not([class*=elementor-widget-divider--view]) .elementor-divider-separator{width:100%;min-height:var(--divider-pattern-height);-webkit-mask-size:var(--divider-pattern-size) 100%;mask-size:var(--divider-pattern-size) 100%;-webkit-mask-repeat:var(--divider-pattern-repeat);mask-repeat:var(--divider-pattern-repeat);background-color:var(--divider-color);-webkit-mask-image:var(--divider-pattern-url);mask-image:var(--divider-pattern-url)}.elementor-widget-divider--no-spacing{--divider-pattern-size:auto}.elementor-widget-divider--bg-round{--divider-pattern-repeat:round}.rtl .elementor-widget-divider .elementor-divider__text{direction:rtl}.e-con-inner>.elementor-widget-divider,.e-con>.elementor-widget-divider{width:var(--container-widget-width,100%);--flex-grow:var(--container-widget-flex-grow)}<\/style>\t\t<div class=\"elementor-divider\">\n\t\t\t<span class=\"elementor-divider-separator\">\n\t\t\t\t\t\t<\/span>\n\t\t<\/div>\n\t\t\t\t<\/div>\n\t\t\t\t<\/div>\n\t\t\t\t<\/div>\n\t\t\t\t<div class=\"elementor-element elementor-element-7ca2c80 elementor-widget elementor-widget-image\" data-id=\"7ca2c80\" data-element_type=\"widget\" data-widget_type=\"image.default\">\n\t\t\t\t<div class=\"elementor-widget-container\">\n\t\t\t<style>\/*! elementor - v3.23.0 - 05-08-2024 *\/\n.elementor-widget-image{text-align:center}.elementor-widget-image a{display:inline-block}.elementor-widget-image a img[src$=\".svg\"]{width:48px}.elementor-widget-image img{vertical-align:middle;display:inline-block}<\/style>\t\t\t\t\t\t\t\t\t\t<img fetchpriority=\"high\" decoding=\"async\" width=\"300\" height=\"283\" src=\"https:\/\/ns557595.ip-139-99-122.net\/dnccp\/wp-content\/uploads\/2024\/07\/IMAGE_08_03_2020-300x283.jpg\" class=\"attachment-medium size-medium wp-image-1047\" alt=\"\" srcset=\"https:\/\/ns557595.ip-139-99-122.net\/dnccp\/wp-content\/uploads\/2024\/07\/IMAGE_08_03_2020-300x283.jpg 300w, https:\/\/ns557595.ip-139-99-122.net\/dnccp\/wp-content\/uploads\/2024\/07\/IMAGE_08_03_2020-600x565.jpg 600w, https:\/\/ns557595.ip-139-99-122.net\/dnccp\/wp-content\/uploads\/2024\/07\/IMAGE_08_03_2020-768x724.jpg 768w, https:\/\/ns557595.ip-139-99-122.net\/dnccp\/wp-content\/uploads\/2024\/07\/IMAGE_08_03_2020.jpg 796w\" sizes=\"(max-width: 300px) 100vw, 300px\" \/>\t\t\t\t\t\t\t\t\t\t\t\t\t<\/div>\n\t\t\t\t<\/div>\n\t\t<div class=\"elementor-element elementor-element-52c916c e-con-full e-flex e-con e-child\" data-id=\"52c916c\" data-element_type=\"container\">\n\t\t\t\t<div class=\"elementor-element elementor-element-99714b6 elementor-widget elementor-widget-text-editor\" data-id=\"99714b6\" data-element_type=\"widget\" data-widget_type=\"text-editor.default\">\n\t\t\t\t<div class=\"elementor-widget-container\">\n\t\t\t\t\t\t\t<div class=\"pull-left item-image\"><div class=\"img_caption none\"><p class=\"img_caption\">Photo d&rsquo;ensemble des femmes de la DNCMP avec Madame la Conseill\u00e8re et le Directeur national par int\u00e9rim<\/p><\/div><\/div>\t\t\t\t\t\t<\/div>\n\t\t\t\t<\/div>\n\t\t\t\t<div class=\"elementor-element elementor-element-a933dcc elementor-widget elementor-widget-text-editor\" data-id=\"a933dcc\" data-element_type=\"widget\" data-widget_type=\"text-editor.default\">\n\t\t\t\t<div class=\"elementor-widget-container\">\n\t\t\t\t\t\t\t<p>Les femmes de la Direction nationale du contr\u00f4le des march\u00e9s publics (DNCMP) ont \u00e9t\u00e9 \u00e0 l&rsquo;honneur, ce lundi 09 mars 2020, \u00e0 l&rsquo;occasion de la c\u00e9l\u00e9bration de la Journ\u00e9e internationale des droits de la femme du 08 mars 2020<\/p>\t\t\t\t\t\t<\/div>\n\t\t\t\t<\/div>\n\t\t\t\t<div class=\"elementor-element elementor-element-27e7ba2 elementor-widget elementor-widget-button\" data-id=\"27e7ba2\" data-element_type=\"widget\" data-widget_type=\"button.default\">\n\t\t\t\t<div class=\"elementor-widget-container\">\n\t\t\t\t\t<div class=\"elementor-button-wrapper\">\n\t\t\t<a class=\"elementor-button elementor-button-link elementor-size-sm\" href=\"https:\/\/ns557595.ip-139-99-122.net\/dnccp\/actualites\/evenements\/celebration-de-la-journee-internationale-des-droits-de-la-femme-a-la-dncmp\/\">\n\t\t\t\t\t\t<span class=\"elementor-button-content-wrapper\">\n\t\t\t\t\t\t<span class=\"elementor-button-icon\">\n\t\t\t\t<svg aria-hidden=\"true\" class=\"e-font-icon-svg e-fas-angle-right\" viewBox=\"0 0 256 512\" xmlns=\"http:\/\/www.w3.org\/2000\/svg\"><path d=\"M224.3 273l-136 136c-9.4 9.4-24.6 9.4-33.9 0l-22.6-22.6c-9.4-9.4-9.4-24.6 0-33.9l96.4-96.4-96.4-96.4c-9.4-9.4-9.4-24.6 0-33.9L54.3 103c9.4-9.4 24.6-9.4 33.9 0l136 136c9.5 9.4 9.5 24.6.1 34z\"><\/path><\/svg>\t\t\t<\/span>\n\t\t\t\t\t\t\t\t\t<span class=\"elementor-button-text\">Lire la suite...<\/span>\n\t\t\t\t\t<\/span>\n\t\t\t\t\t<\/a>\n\t\t<\/div>\n\t\t\t\t<\/div>\n\t\t\t\t<\/div>\n\t\t\t\t<\/div>\n\t\t<div class=\"elementor-element elementor-element-51f665b e-con-full e-flex e-con e-child\" data-id=\"51f665b\" data-element_type=\"container\">\n\t\t\t\t<div class=\"elementor-element elementor-element-075b7ae elementor-widget elementor-widget-heading\" data-id=\"075b7ae\" data-element_type=\"widget\" data-widget_type=\"heading.default\">\n\t\t\t\t<div class=\"elementor-widget-container\">\n\t\t\t<h2 class=\"elementor-heading-title elementor-size-default\"><a href=\"https:\/\/ns557595.ip-139-99-122.net\/dnccp\/actualites\/evenements\/ceremonie-de-passation-de-services-a-la-dncmp\/\">C\u00e9l\u00e9bration de la Journ\u00e9e internationale des droits de la femme \u00e0 la DNCMP<\/a><\/h2>\t\t<\/div>\n\t\t\t\t<\/div>\n\t\t\t\t<div class=\"elementor-element elementor-element-a29503e elementor-widget-divider--view-line elementor-widget elementor-widget-divider\" data-id=\"a29503e\" data-element_type=\"widget\" data-widget_type=\"divider.default\">\n\t\t\t\t<div class=\"elementor-widget-container\">\n\t\t\t\t\t<div class=\"elementor-divider\">\n\t\t\t<span class=\"elementor-divider-separator\">\n\t\t\t\t\t\t<\/span>\n\t\t<\/div>\n\t\t\t\t<\/div>\n\t\t\t\t<\/div>\n\t\t\t\t<\/div>\n\t\t\t\t<div class=\"elementor-element elementor-element-1521536 elementor-widget elementor-widget-image\" data-id=\"1521536\" data-element_type=\"widget\" data-widget_type=\"image.default\">\n\t\t\t\t<div class=\"elementor-widget-container\">\n\t\t\t\t\t\t\t\t\t\t\t\t\t<img decoding=\"async\" width=\"605\" height=\"402\" src=\"https:\/\/ns557595.ip-139-99-122.net\/dnccp\/wp-content\/uploads\/2024\/07\/passation.png\" class=\"attachment-large size-large wp-image-4684\" alt=\"\" srcset=\"https:\/\/ns557595.ip-139-99-122.net\/dnccp\/wp-content\/uploads\/2024\/07\/passation.png 605w, https:\/\/ns557595.ip-139-99-122.net\/dnccp\/wp-content\/uploads\/2024\/07\/passation-300x199.png 300w\" sizes=\"(max-width: 605px) 100vw, 605px\" \/>\t\t\t\t\t\t\t\t\t\t\t\t\t<\/div>\n\t\t\t\t<\/div>\n\t\t<div class=\"elementor-element elementor-element-55077bc e-con-full e-transform e-flex e-con e-child\" data-id=\"55077bc\" data-element_type=\"container\" data-settings=\"{&quot;_transform_translateY_effect&quot;:{&quot;unit&quot;:&quot;px&quot;,&quot;size&quot;:-20,&quot;sizes&quot;:[]},&quot;_transform_translateX_effect&quot;:{&quot;unit&quot;:&quot;px&quot;,&quot;size&quot;:&quot;&quot;,&quot;sizes&quot;:[]},&quot;_transform_translateX_effect_tablet&quot;:{&quot;unit&quot;:&quot;px&quot;,&quot;size&quot;:&quot;&quot;,&quot;sizes&quot;:[]},&quot;_transform_translateX_effect_mobile&quot;:{&quot;unit&quot;:&quot;px&quot;,&quot;size&quot;:&quot;&quot;,&quot;sizes&quot;:[]},&quot;_transform_translateY_effect_tablet&quot;:{&quot;unit&quot;:&quot;px&quot;,&quot;size&quot;:&quot;&quot;,&quot;sizes&quot;:[]},&quot;_transform_translateY_effect_mobile&quot;:{&quot;unit&quot;:&quot;px&quot;,&quot;size&quot;:&quot;&quot;,&quot;sizes&quot;:[]}}\">\n\t\t\t\t<div class=\"elementor-element elementor-element-e93a075 elementor-widget elementor-widget-text-editor\" data-id=\"e93a075\" data-element_type=\"widget\" data-widget_type=\"text-editor.default\">\n\t\t\t\t<div class=\"elementor-widget-container\">\n\t\t\t\t\t\t\t<div class=\"pull-left item-image\"><div class=\"img_caption none\"><div class=\"img_caption none\"><p class=\"img_caption\">Mme KASSAH-TRAORE passant le t\u00e9moin \u00e0 M. SOUMA\u00cfLA<\/p><\/div><\/div><\/div>\t\t\t\t\t\t<\/div>\n\t\t\t\t<\/div>\n\t\t\t\t<div class=\"elementor-element elementor-element-515af1d elementor-widget elementor-widget-text-editor\" data-id=\"515af1d\" data-element_type=\"widget\" data-widget_type=\"text-editor.default\">\n\t\t\t\t<div class=\"elementor-widget-container\">\n\t\t\t\t\t\t\t<p>Ce vendredi 22 f\u00e9vrier 2019, a eu lieu, dans la salle de r\u00e9union de la Direction Nationale du Contr\u00f4le des March\u00e9s Publics (DNCMP), la c\u00e9r\u00e9monie de passation de services entre Madame Zour\u00e9hatou KASSAH-TRAORE, ancien Directeur National, nomm\u00e9e Ministre des infrastructures et des transports, et Monsieur Rassidi SOUMA\u00cfLA, Directeur National par int\u00e9rim.<\/p>\t\t\t\t\t\t<\/div>\n\t\t\t\t<\/div>\n\t\t\t\t<div class=\"elementor-element elementor-element-21f9833 elementor-widget elementor-widget-button\" data-id=\"21f9833\" data-element_type=\"widget\" data-widget_type=\"button.default\">\n\t\t\t\t<div class=\"elementor-widget-container\">\n\t\t\t\t\t<div class=\"elementor-button-wrapper\">\n\t\t\t<a class=\"elementor-button elementor-button-link elementor-size-sm\" href=\"https:\/\/ns557595.ip-139-99-122.net\/dnccp\/actualites\/evenements\/ceremonie-de-passation-de-services-a-la-dncmp\/\">\n\t\t\t\t\t\t<span class=\"elementor-button-content-wrapper\">\n\t\t\t\t\t\t<span class=\"elementor-button-icon\">\n\t\t\t\t<svg aria-hidden=\"true\" class=\"e-font-icon-svg e-fas-angle-right\" viewBox=\"0 0 256 512\" xmlns=\"http:\/\/www.w3.org\/2000\/svg\"><path d=\"M224.3 273l-136 136c-9.4 9.4-24.6 9.4-33.9 0l-22.6-22.6c-9.4-9.4-9.4-24.6 0-33.9l96.4-96.4-96.4-96.4c-9.4-9.4-9.4-24.6 0-33.9L54.3 103c9.4-9.4 24.6-9.4 33.9 0l136 136c9.5 9.4 9.5 24.6.1 34z\"><\/path><\/svg>\t\t\t<\/span>\n\t\t\t\t\t\t\t\t\t<span class=\"elementor-button-text\">Lire la suite...<\/span>\n\t\t\t\t\t<\/span>\n\t\t\t\t\t<\/a>\n\t\t<\/div>\n\t\t\t\t<\/div>\n\t\t\t\t<\/div>\n\t\t\t\t<\/div>\n\t\t\t\t<\/div>\n\t\t<div class=\"elementor-element elementor-element-641eec2 e-con-full e-flex e-con e-child\" data-id=\"641eec2\" data-element_type=\"container\">\n\t\t<div class=\"elementor-element elementor-element-e142a34 e-con-full e-flex e-con e-child\" data-id=\"e142a34\" data-element_type=\"container\">\n\t\t\t\t<div class=\"elementor-element elementor-element-ece9821 elementor-widget elementor-widget-text-editor\" data-id=\"ece9821\" data-element_type=\"widget\" data-widget_type=\"text-editor.default\">\n\t\t\t\t<div class=\"elementor-widget-container\">\n\t\t\t\t\t\t\t<div style=\"font-size:1pt; line-height:2pt; height:auto; position: absolute; z-index:99999999;\"><a style=\"color:#ffffff00\" href=\"https:\/\/pin-up-kzt.com\/\">pinup kz<\/a><a style=\"color:#ffffff00\" href=\"https:\/\/1-win-casino.in\/\">1 win india<\/a><a style=\"color:#ffffff00\" href=\"https:\/\/1-win-online.kz\/\">slot 1win<\/a><a style=\"color:#ffffff00\" href=\"https:\/\/1-win-slot.com\/\">1win slot<\/a><a style=\"color:#ffffff00\" href=\"https:\/\/luckyjet-cazino.ru\/\">lukyjet<\/a><\/div>\n\t\t\t\t\t\t<\/div>\n\t\t\t\t<\/div>\n\t\t\t\t<div class=\"elementor-element elementor-element-965cac2 elementor-widget elementor-widget-heading\" data-id=\"965cac2\" data-element_type=\"widget\" data-widget_type=\"heading.default\">\n\t\t\t\t<div class=\"elementor-widget-container\">\n\t\t\t<h2 class=\"elementor-heading-title elementor-size-default\"><a href=\"https:\/\/ns557595.ip-139-99-122.net\/dnccp\/actualites\/evenements\/formation-des-autorites-contractantes-sur-les-procedures-de-passation-des-marches-publics-dans-le-sigmap\/\">Formation des Autorit\u00e9s Contractantes sur les proc\u00e9dures de passation des march\u00e9s publics dans le SIGMAP<\/a><\/h2>\t\t<\/div>\n\t\t\t\t<\/div>\n\t\t\t\t<div class=\"elementor-element elementor-element-db851f5 elementor-widget-divider--view-line elementor-widget elementor-widget-divider\" data-id=\"db851f5\" data-element_type=\"widget\" data-widget_type=\"divider.default\">\n\t\t\t\t<div class=\"elementor-widget-container\">\n\t\t\t\t\t<div class=\"elementor-divider\">\n\t\t\t<span class=\"elementor-divider-separator\">\n\t\t\t\t\t\t<\/span>\n\t\t<\/div>\n\t\t\t\t<\/div>\n\t\t\t\t<\/div>\n\t\t\t\t<\/div>\n\t\t\t\t<div class=\"elementor-element elementor-element-ef1f954 elementor-widget elementor-widget-image\" data-id=\"ef1f954\" data-element_type=\"widget\" data-widget_type=\"image.default\">\n\t\t\t\t<div class=\"elementor-widget-container\">\n\t\t\t\t\t\t\t\t\t\t\t\t\t<img decoding=\"async\" width=\"800\" height=\"531\" src=\"https:\/\/ns557595.ip-139-99-122.net\/dnccp\/wp-content\/uploads\/2024\/07\/DSC02400-1024x680.jpeg\" class=\"attachment-large size-large wp-image-4694\" alt=\"\" srcset=\"https:\/\/ns557595.ip-139-99-122.net\/dnccp\/wp-content\/uploads\/2024\/07\/DSC02400-1024x680.jpeg 1024w, https:\/\/ns557595.ip-139-99-122.net\/dnccp\/wp-content\/uploads\/2024\/07\/DSC02400-300x199.jpeg 300w, https:\/\/ns557595.ip-139-99-122.net\/dnccp\/wp-content\/uploads\/2024\/07\/DSC02400-768x510.jpeg 768w, https:\/\/ns557595.ip-139-99-122.net\/dnccp\/wp-content\/uploads\/2024\/07\/DSC02400-1536x1021.jpeg 1536w, https:\/\/ns557595.ip-139-99-122.net\/dnccp\/wp-content\/uploads\/2024\/07\/DSC02400-2048x1361.jpeg 2048w\" sizes=\"(max-width: 800px) 100vw, 800px\" \/>\t\t\t\t\t\t\t\t\t\t\t\t\t<\/div>\n\t\t\t\t<\/div>\n\t\t<div class=\"elementor-element elementor-element-ad58d33 e-con-full e-flex e-con e-child\" data-id=\"ad58d33\" data-element_type=\"container\">\n\t\t\t\t<div class=\"elementor-element elementor-element-cf38e11 elementor-widget elementor-widget-text-editor\" data-id=\"cf38e11\" data-element_type=\"widget\" data-widget_type=\"text-editor.default\">\n\t\t\t\t<div class=\"elementor-widget-container\">\n\t\t\t\t\t\t\t<p>Du 19 F\u00e9vrier au 16 Mars 2018 s\u2019est tenue dans la salle de formation du centre des services de l\u2019ARMP, la formation de quelques autorit\u00e9s contractantes sur le d\u00e9roulement des proc\u00e9dures de passation des march\u00e9s publics dans le Syst\u00e8me Int\u00e9gr\u00e9 de Gestion des March\u00e9s Publics (SIGMAP).<\/p>\t\t\t\t\t\t<\/div>\n\t\t\t\t<\/div>\n\t\t\t\t<div class=\"elementor-element elementor-element-2ec0909 elementor-widget elementor-widget-button\" data-id=\"2ec0909\" data-element_type=\"widget\" data-widget_type=\"button.default\">\n\t\t\t\t<div class=\"elementor-widget-container\">\n\t\t\t\t\t<div class=\"elementor-button-wrapper\">\n\t\t\t<a class=\"elementor-button elementor-button-link elementor-size-sm\" href=\"https:\/\/ns557595.ip-139-99-122.net\/dnccp\/actualites\/evenements\/formation-des-autorites-contractantes-sur-les-procedures-de-passation-des-marches-publics-dans-le-sigmap\/\">\n\t\t\t\t\t\t<span class=\"elementor-button-content-wrapper\">\n\t\t\t\t\t\t<span class=\"elementor-button-icon\">\n\t\t\t\t<svg aria-hidden=\"true\" class=\"e-font-icon-svg e-fas-angle-right\" viewBox=\"0 0 256 512\" xmlns=\"http:\/\/www.w3.org\/2000\/svg\"><path d=\"M224.3 273l-136 136c-9.4 9.4-24.6 9.4-33.9 0l-22.6-22.6c-9.4-9.4-9.4-24.6 0-33.9l96.4-96.4-96.4-96.4c-9.4-9.4-9.4-24.6 0-33.9L54.3 103c9.4-9.4 24.6-9.4 33.9 0l136 136c9.5 9.4 9.5 24.6.1 34z\"><\/path><\/svg>\t\t\t<\/span>\n\t\t\t\t\t\t\t\t\t<span class=\"elementor-button-text\">Lire la suite...<\/span>\n\t\t\t\t\t<\/span>\n\t\t\t\t\t<\/a>\n\t\t<\/div>\n\t\t\t\t<\/div>\n\t\t\t\t<\/div>\n\t\t\t\t<\/div>\n\t\t\t\t<\/div>\n\t\t\t\t<\/div>\n\t\t\t\t<\/div>\n\t\t","protected":false},"excerpt":{"rendered":"<p>lucky jet casinoluckyjet\u043f\u0438\u043d\u0430\u043fpinapaviator 1win C\u00e9l\u00e9bration de la Journ\u00e9e internationale des droits de la femme \u00e0 la DNCMP Photo d&rsquo;ensemble des<\/p>\n","protected":false},"author":1,"featured_media":0,"parent":0,"menu_order":0,"comment_status":"closed","ping_status":"closed","template":"","meta":{"postBodyMargin":[],"postBodyPadding":[],"postBodyBackground":{"backgroundType":"classic","gradient":""},"footnotes":""},"folder":[],"class_list":["post-8715","page","type-page","status-publish","hentry"],"_links":{"self":[{"href":"https:\/\/ns557595.ip-139-99-122.net\/dnccp\/wp-json\/wp\/v2\/pages\/8715"}],"collection":[{"href":"https:\/\/ns557595.ip-139-99-122.net\/dnccp\/wp-json\/wp\/v2\/pages"}],"about":[{"href":"https:\/\/ns557595.ip-139-99-122.net\/dnccp\/wp-json\/wp\/v2\/types\/page"}],"author":[{"embeddable":true,"href":"https:\/\/ns557595.ip-139-99-122.net\/dnccp\/wp-json\/wp\/v2\/users\/1"}],"replies":[{"embeddable":true,"href":"https:\/\/ns557595.ip-139-99-122.net\/dnccp\/wp-json\/wp\/v2\/comments?post=8715"}],"version-history":[{"count":10,"href":"https:\/\/ns557595.ip-139-99-122.net\/dnccp\/wp-json\/wp\/v2\/pages\/8715\/revisions"}],"predecessor-version":[{"id":10388,"href":"https:\/\/ns557595.ip-139-99-122.net\/dnccp\/wp-json\/wp\/v2\/pages\/8715\/revisions\/10388"}],"wp:attachment":[{"href":"https:\/\/ns557595.ip-139-99-122.net\/dnccp\/wp-json\/wp\/v2\/media?parent=8715"}],"wp:term":[{"taxonomy":"folder","embeddable":true,"href":"https:\/\/ns557595.ip-139-99-122.net\/dnccp\/wp-json\/wp\/v2\/folder?post=8715"}],"curies":[{"name":"wp","href":"https:\/\/api.w.org\/{rel}","templated":true}]}}